{"id":901,"date":"2021-09-02T13:25:54","date_gmt":"2021-09-02T13:25:54","guid":{"rendered":"https:\/\/ifage-grund.de\/wp\/?page_id=901"},"modified":"2022-11-25T11:55:41","modified_gmt":"2022-11-25T11:55:41","slug":"ausstellungsarchiv-26","status":"publish","type":"page","link":"https:\/\/ifage-grund.de\/wp\/?page_id=901","title":{"rendered":"Ausstellungsarchiv (26)"},"content":{"rendered":"\r\n<p><strong><strong>Lyrik zwischen Himmel und Erde<br><strong>Arbeiten der K\u00fcnstlerin Florence Solvay<\/strong><\/strong><\/strong><br><strong>Ausstellungszeitraum: 11.03.2021 bis 02.09.2021<\/strong><br><strong><a href=\"https:\/\/ifage-grund.de\/wp\/?page_id=400\">zur\u00fcck zur aktuellen Ausstellung<\/a><\/strong><\/p>\r\n\r\n\r\n\r\n<p>Das Erleben der Natur hat die K\u00fcnstlerin von Kindheit an begleitet. Bis heute ist der Urgrund ihrer Lebensauffassung in ihren Werken sichtbar. Architektur und Arch\u00e4ologie sieht Solvay eingebettet in die Natur. Fenster, Tore und T\u00fcren werden dabei zu Sinnbildern, die uns in der Bewusstwerdung weiterf\u00fchren und aus der Natur immer wieder erneuernde Kr\u00e4fte sch\u00f6pfen lassen.<\/p>\r\n\r\n\r\n\r\n\r\n\r\nngg_shortcode_0_placeholder\r\n<p>Internet:&nbsp; <a href=\"https:\/\/www.florence-solvay.com\" target=\"_blank\" rel=\"noreferrer noopener\">www.florence-solvay.com<\/a><br>Mail:&nbsp; <a href=\"mailto:mail@florence-solvay.com\" target=\"_blank\" rel=\"noreferrer noopener\">mail@florence-solvay.com<\/a><\/p>\r\n\r\n\r\n\r\n<p>Die Ausstellung ist bis 02. September 2021 im Glaspavillon der IFAGE zu besichtigen.<br><strong>\u00d6ffnungszeiten:<\/strong> Montag bis Freitag von 8:00-18:00 Uhr und Samstag von 8:00-13:00 Uhr<\/p>\r\n\r\n\r\n\r\n<p>Die Ausstellung kann auch aktuell zu den genannten \u00d6ffnungszeiten besucht werden.&nbsp; Beachten Sie bitte die jeweilig aktuell geltenden Vorsichtsma\u00dfnahmen (Abstandsregeln und keine Gruppenbesuche)<br><a href=\"https:\/\/ifage-grund.de\/wp\/?page_id=400\">zur\u00fcck zur aktuellen Ausstellung<\/a><\/p>\r\n\r\n\r\n\r\n<p>&nbsp;<\/p>\r\n","protected":false},"excerpt":{"rendered":"<p>Lyrik zwischen Himmel und ErdeArbeiten der K\u00fcnstlerin Florence SolvayAusstellungszeitraum: 11.03.2021 bis 02.09.2021zur\u00fcck zur aktuellen Ausstellung Das Erleben der Natur hat die K\u00fcnstlerin von Kindheit an begleitet. Bis heute ist der Urgrund ihrer Lebensauffassung in ihren Werken sichtbar. Architektur und Arch\u00e4ologie &hellip; <a href=\"https:\/\/ifage-grund.de\/wp\/?page_id=901\">Weiterlesen <span class=\"meta-nav\">&rarr;<\/span><\/a><\/p>\n","protected":false},"author":1,"featured_media":0,"parent":0,"menu_order":0,"comment_status":"closed","ping_status":"closed","template":"","meta":{"ngg_post_thumbnail":0,"footnotes":""},"class_list":["post-901","page","type-page","status-publish","hentry"],"_links":{"self":[{"href":"https:\/\/ifage-grund.de\/wp\/index.php?rest_route=\/wp\/v2\/pages\/901","targetHints":{"allow":["GET"]}}],"collection":[{"href":"https:\/\/ifage-grund.de\/wp\/index.php?rest_route=\/wp\/v2\/pages"}],"about":[{"href":"https:\/\/ifage-grund.de\/wp\/index.php?rest_route=\/wp\/v2\/types\/page"}],"author":[{"embeddable":true,"href":"https:\/\/ifage-grund.de\/wp\/index.php?rest_route=\/wp\/v2\/users\/1"}],"replies":[{"embeddable":true,"href":"https:\/\/ifage-grund.de\/wp\/index.php?rest_route=%2Fwp%2Fv2%2Fcomments&post=901"}],"version-history":[{"count":4,"href":"https:\/\/ifage-grund.de\/wp\/index.php?rest_route=\/wp\/v2\/pages\/901\/revisions"}],"predecessor-version":[{"id":1236,"href":"https:\/\/ifage-grund.de\/wp\/index.php?rest_route=\/wp\/v2\/pages\/901\/revisions\/1236"}],"wp:attachment":[{"href":"https:\/\/ifage-grund.de\/wp\/index.php?rest_route=%2Fwp%2Fv2%2Fmedia&parent=901"}],"curies":[{"name":"wp","href":"https:\/\/api.w.org\/{rel}","templated":true}]}}