{"id":770,"date":"2019-07-03T13:23:31","date_gmt":"2019-07-03T13:23:31","guid":{"rendered":"https:\/\/ifage-grund.de\/wp\/?page_id=770"},"modified":"2022-11-25T11:52:02","modified_gmt":"2022-11-25T11:52:02","slug":"ausstellungsarchiv","status":"publish","type":"page","link":"https:\/\/ifage-grund.de\/wp\/?page_id=770","title":{"rendered":"Ausstellungsarchiv (21)"},"content":{"rendered":"<p><strong>MALEREI &amp; AQUAGRAFIE:<br \/>\nAusstellung der K\u00fcnstler Roman Mikos und Rainer Mienert<br \/>\nAusstellungszeitraum: 14.02.2019 bis 15.06.2019<br \/>\n<a href=\"https:\/\/ifage-grund.de\/wp\/?page_id=400\">zur\u00fcck zur aktuellen Ausstellung<\/a><\/strong><\/p>\n<p>Der Maler ROMAN MIKOS f\u00fchlt sich seit seiner Kindheit mit der Natur verbunden. Sie hat ihn geformt und gepr\u00e4gt, sein Kunstschaffen grundgelegt.<\/p>\n<p>Dabei hat er in verschiedenen Richtungen geforscht, ist jedoch immer wieder zu den Themen der Natur zur\u00fcckgekehrt.<\/p>\n<p>Die ausgestellten Bilder zeigen seine Interpretation der Natur auf Leinwand. Eine Interpretation die mit Farben die Sch\u00f6nheit, Einmaligkeit, Vielfalt und Kraft der Natur sichtbar macht. Es geht ROMAN MIKOS um die Poesie in der Natur, das Subtile, die wilde Romantik, die Eleganz und Buntheit. Die Natur betrachtet er als einen Partner, den man heute wie auch in der Zukunft braucht, einen Begleiter auf den Verlass ist.<\/p>\n<p>ngg_shortcode_0_placeholderRAINER MIENERT ist selbst\u00e4ndiger Fotograf und Gr\u00fcnder des Atelier de Arte in Gro\u00df-Gerau.<\/p>\n<p>Auf der Suche nach neuen Bildgestaltungsm\u00f6glichkeiten entwickelte er im Laufe der Zeit eine handwerkliche Methode, die seine Bilder auf den ersten Blick wie Gem\u00e4lde erscheinen l\u00e4sst. Die Farben verlaufen, der \u00dcbergang schlie\u00dft die L\u00fccke zwischen Fotografie und Aquarellmalerei. Wichtige Details wandern in den Vordergrund w\u00e4hrend der Hintergrund verschwimmt. Betrachtet man die Kunstwerke, bekommt man den Eindruck vermittelt, mit verschiedenen Realit\u00e4ten in Ber\u00fchrung zu kommen.<\/p>\n<p>Durch diese einzigartige Technik gelingt es RAINER MIENERT kurze Augenblicke und einzelne faszinierende Momente festzuhalten und zu zeigen, dass nicht immer das Offentsichtliche im Mittelpunkt stehen muss.<\/p>\n<p>Fotografie und Aquarell verschwimmen \u2013 sie werden zu etwas Einzigartigen \u2013 zu Aquagrafie.<\/p>\n<p>Die Ausstellung ist bis zum 15. Juni 2019 im Glaspavillon der IFAGE zu besichtigen.<br \/>\n\u00d6ffnungszeiten: Montag bis Freitag von 8:00-18:00 Uhr und Samstag von 8:00-13:00 Uhr<\/p>\n<p>&nbsp;<\/p>\n<p><a href=\"https:\/\/ifage-grund.de\/wp\/?page_id=400\">zur\u00fcck zur aktuellen Ausstellung<\/a><\/p>\n","protected":false},"excerpt":{"rendered":"<p>MALEREI &amp; AQUAGRAFIE: Ausstellung der K\u00fcnstler Roman Mikos und Rainer Mienert Ausstellungszeitraum: 14.02.2019 bis 15.06.2019 zur\u00fcck zur aktuellen Ausstellung Der Maler ROMAN MIKOS f\u00fchlt sich seit seiner Kindheit mit der Natur verbunden. Sie hat ihn geformt und gepr\u00e4gt, sein Kunstschaffen &hellip; <a href=\"https:\/\/ifage-grund.de\/wp\/?page_id=770\">Weiterlesen <span class=\"meta-nav\">&rarr;<\/span><\/a><\/p>\n","protected":false},"author":1,"featured_media":0,"parent":0,"menu_order":0,"comment_status":"closed","ping_status":"closed","template":"","meta":{"ngg_post_thumbnail":0,"footnotes":""},"class_list":["post-770","page","type-page","status-publish","hentry"],"_links":{"self":[{"href":"https:\/\/ifage-grund.de\/wp\/index.php?rest_route=\/wp\/v2\/pages\/770","targetHints":{"allow":["GET"]}}],"collection":[{"href":"https:\/\/ifage-grund.de\/wp\/index.php?rest_route=\/wp\/v2\/pages"}],"about":[{"href":"https:\/\/ifage-grund.de\/wp\/index.php?rest_route=\/wp\/v2\/types\/page"}],"author":[{"embeddable":true,"href":"https:\/\/ifage-grund.de\/wp\/index.php?rest_route=\/wp\/v2\/users\/1"}],"replies":[{"embeddable":true,"href":"https:\/\/ifage-grund.de\/wp\/index.php?rest_route=%2Fwp%2Fv2%2Fcomments&post=770"}],"version-history":[{"count":5,"href":"https:\/\/ifage-grund.de\/wp\/index.php?rest_route=\/wp\/v2\/pages\/770\/revisions"}],"predecessor-version":[{"id":1231,"href":"https:\/\/ifage-grund.de\/wp\/index.php?rest_route=\/wp\/v2\/pages\/770\/revisions\/1231"}],"wp:attachment":[{"href":"https:\/\/ifage-grund.de\/wp\/index.php?rest_route=%2Fwp%2Fv2%2Fmedia&parent=770"}],"curies":[{"name":"wp","href":"https:\/\/api.w.org\/{rel}","templated":true}]}}