{"id":647,"date":"2018-01-08T17:41:49","date_gmt":"2018-01-08T17:41:49","guid":{"rendered":"http:\/\/ifage-grund.de\/wp\/?page_id=647"},"modified":"2022-11-25T11:47:18","modified_gmt":"2022-11-25T11:47:18","slug":"ausstellungsarchiv-17","status":"publish","type":"page","link":"https:\/\/ifage-grund.de\/wp\/?page_id=647","title":{"rendered":"Ausstellungsarchiv (17)"},"content":{"rendered":"<p><strong>Farbstark: &#8222;Pure Bilder, starke Kontraste&#8220; von D\u00f6rte Kunte<\/strong><br \/>\nAusstellungszeitraum: 14.09.2017 &#8211; 19.01.2018<br \/>\n<a href=\"https:\/\/ifage-grund.de\/wp\/?page_id=400\">zur\u00fcck zur aktuellen Ausstellung<\/a><\/p>\n<p>Die in Wiesbaden lebende K\u00fcnstlerin D\u00f6rte Kunte zeigt in der IFAGE einige ihrer neuesten Werke:&nbsp; Es gibt gro\u00dfformatige farbenfrohe Collagen mit Strukturen und Sch\u00fcttungen. Das Besondere ist, dass sowohl Acryl- wie \u00d6lfarben gleichzeitig zum Einsatz kommen. Bitumen, Spachtelmassen, Beton, Dinge des t\u00e4glichen Lebens, uvm. erg\u00e4nzen.<\/p>\n<p>Im Gegensatz dazu stehen Bilder mit Durchblick. Kleine, ruhige Glasbilder, welche besonders die Schichtenmalweise der Acrylmalerei dokumentieren. Bei Lichteinfall beginnen sie f\u00f6rmlich zu leuchten.<\/p>\n<p>ngg_shortcode_0_placeholderDie Bilder stecken voller Geheimnisse und die K\u00fcnstlerin l\u00e4dt jeden ein auf Spurensuche zu gehen und immer wieder neue Entdeckungen zu machen. Denn: &#8222;Nicht die Abbildung der Wirklichkeit ist das Ziel der Kunst, sondern die Erschaffung einer eigenen Welt!&#8220; (Botero). Und &#8211; ganz wichtig &#8211; &#8222;Das Bild hat immer das letzte Wort!!!&#8220;<\/p>\n<p>Die Ausstellung ist bis zum 19. Januar 2018 im Glaspavillon der IFAGE zu besichtigen.<br \/>\n\u00d6ffnungszeiten: Montag bis Freitag von 8:00-18:00 Uhr und Samstag von 8:00-13:00 Uhr<\/p>\n<p><a href=\"https:\/\/ifage-grund.de\/wp\/?page_id=400\">zur\u00fcck zur aktuellen Ausstellung<\/a><\/p>\n","protected":false},"excerpt":{"rendered":"<p>Farbstark: &#8222;Pure Bilder, starke Kontraste&#8220; von D\u00f6rte Kunte Ausstellungszeitraum: 14.09.2017 &#8211; 19.01.2018 zur\u00fcck zur aktuellen Ausstellung Die in Wiesbaden lebende K\u00fcnstlerin D\u00f6rte Kunte zeigt in der IFAGE einige ihrer neuesten Werke:&nbsp; Es gibt gro\u00dfformatige farbenfrohe Collagen mit Strukturen und Sch\u00fcttungen. &hellip; <a href=\"https:\/\/ifage-grund.de\/wp\/?page_id=647\">Weiterlesen <span class=\"meta-nav\">&rarr;<\/span><\/a><\/p>\n","protected":false},"author":1,"featured_media":0,"parent":0,"menu_order":0,"comment_status":"closed","ping_status":"closed","template":"","meta":{"ngg_post_thumbnail":0,"footnotes":""},"class_list":["post-647","page","type-page","status-publish","hentry"],"_links":{"self":[{"href":"https:\/\/ifage-grund.de\/wp\/index.php?rest_route=\/wp\/v2\/pages\/647","targetHints":{"allow":["GET"]}}],"collection":[{"href":"https:\/\/ifage-grund.de\/wp\/index.php?rest_route=\/wp\/v2\/pages"}],"about":[{"href":"https:\/\/ifage-grund.de\/wp\/index.php?rest_route=\/wp\/v2\/types\/page"}],"author":[{"embeddable":true,"href":"https:\/\/ifage-grund.de\/wp\/index.php?rest_route=\/wp\/v2\/users\/1"}],"replies":[{"embeddable":true,"href":"https:\/\/ifage-grund.de\/wp\/index.php?rest_route=%2Fwp%2Fv2%2Fcomments&post=647"}],"version-history":[{"count":5,"href":"https:\/\/ifage-grund.de\/wp\/index.php?rest_route=\/wp\/v2\/pages\/647\/revisions"}],"predecessor-version":[{"id":1226,"href":"https:\/\/ifage-grund.de\/wp\/index.php?rest_route=\/wp\/v2\/pages\/647\/revisions\/1226"}],"wp:attachment":[{"href":"https:\/\/ifage-grund.de\/wp\/index.php?rest_route=%2Fwp%2Fv2%2Fmedia&parent=647"}],"curies":[{"name":"wp","href":"https:\/\/api.w.org\/{rel}","templated":true}]}}