{"id":594,"date":"2017-09-20T14:30:18","date_gmt":"2017-09-20T14:30:18","guid":{"rendered":"http:\/\/ifage-grund.de\/wp\/?page_id=594"},"modified":"2022-11-25T11:39:11","modified_gmt":"2022-11-25T11:39:11","slug":"ausstellungsarchiv-1","status":"publish","type":"page","link":"https:\/\/ifage-grund.de\/wp\/?page_id=594","title":{"rendered":"Ausstellungsarchiv (1)"},"content":{"rendered":"<div class=\"imgDIVinTextLeft\" align=\"left\">\n<div class=\"image_td\">\n<div class=\"articleText\">\n<p><strong>Impressionen aus Griechenland:<br \/>\nArchitekturdetails, Gassen und Wasserspiegelungen<br \/>\n<\/strong>Ausstellungszeitraum: 17.07.2011 &#8211; 16.11.2011<br \/>\n<a href=\"https:\/\/ifage-grund.de\/wp\/?page_id=400\">zur\u00fcck zur aktuellen Ausstellung<\/a><\/p>\n<p>Seit ca. 20 Jahren bereist Albert L. Haubner ein- bis zweimal j\u00e4hrlich die griechischen Inseln. Er fotografiert vorwiegend in Kl\u00f6stern, alten D\u00f6rfern oder in den kleinen H\u00e4fen der Inseln, meistens Architekturdetails, H\u00e4user und Gassen und &#8211; als aktuelles Projekt &#8211; Wasserspiegelungen.<\/p>\n<p>Verfremdung &#8211; bereits bei der Aufnahme &#8211; fordert den Betrachter, oder sie l\u00e4sst ihm Freiraum, je nach Sichtweise. Die Geometrie der Architektur(-Details) steht im Gegensatz zu dem flie\u00dfenden Farbenspiel der Spiegelungen der Boote. Bokeh, Bewegungsunsch\u00e4rfe, Langzeitbelichtungen sind u. a. die eingesetzten Gestaltungsmittel. Sie f\u00fchren zur Aufl\u00f6sung der Form. Eine der vielen interessanten Facetten in der Fotografie<\/p>\n<\/div>\n<\/div>\n<\/div>\n<p>ngg_shortcode_0_placeholder<a href=\"https:\/\/ifage-grund.de\/wp\/?page_id=400\">zur\u00fcck zur aktuellen Ausstellung<\/a><\/p>\n","protected":false},"excerpt":{"rendered":"<p>Impressionen aus Griechenland: Architekturdetails, Gassen und Wasserspiegelungen Ausstellungszeitraum: 17.07.2011 &#8211; 16.11.2011 zur\u00fcck zur aktuellen Ausstellung Seit ca. 20 Jahren bereist Albert L. Haubner ein- bis zweimal j\u00e4hrlich die griechischen Inseln. Er fotografiert vorwiegend in Kl\u00f6stern, alten D\u00f6rfern oder in den &hellip; <a href=\"https:\/\/ifage-grund.de\/wp\/?page_id=594\">Weiterlesen <span class=\"meta-nav\">&rarr;<\/span><\/a><\/p>\n","protected":false},"author":1,"featured_media":0,"parent":0,"menu_order":0,"comment_status":"closed","ping_status":"closed","template":"sidebar-page.php","meta":{"ngg_post_thumbnail":0,"footnotes":""},"class_list":["post-594","page","type-page","status-publish","hentry"],"_links":{"self":[{"href":"https:\/\/ifage-grund.de\/wp\/index.php?rest_route=\/wp\/v2\/pages\/594","targetHints":{"allow":["GET"]}}],"collection":[{"href":"https:\/\/ifage-grund.de\/wp\/index.php?rest_route=\/wp\/v2\/pages"}],"about":[{"href":"https:\/\/ifage-grund.de\/wp\/index.php?rest_route=\/wp\/v2\/types\/page"}],"author":[{"embeddable":true,"href":"https:\/\/ifage-grund.de\/wp\/index.php?rest_route=\/wp\/v2\/users\/1"}],"replies":[{"embeddable":true,"href":"https:\/\/ifage-grund.de\/wp\/index.php?rest_route=%2Fwp%2Fv2%2Fcomments&post=594"}],"version-history":[{"count":9,"href":"https:\/\/ifage-grund.de\/wp\/index.php?rest_route=\/wp\/v2\/pages\/594\/revisions"}],"predecessor-version":[{"id":1214,"href":"https:\/\/ifage-grund.de\/wp\/index.php?rest_route=\/wp\/v2\/pages\/594\/revisions\/1214"}],"wp:attachment":[{"href":"https:\/\/ifage-grund.de\/wp\/index.php?rest_route=%2Fwp%2Fv2%2Fmedia&parent=594"}],"curies":[{"name":"wp","href":"https:\/\/api.w.org\/{rel}","templated":true}]}}