{"id":586,"date":"2017-09-20T14:07:34","date_gmt":"2017-09-20T14:07:34","guid":{"rendered":"http:\/\/ifage-grund.de\/wp\/?page_id=586"},"modified":"2022-11-25T11:49:47","modified_gmt":"2022-11-25T11:49:47","slug":"ausstellungsarchiv-2","status":"publish","type":"page","link":"https:\/\/ifage-grund.de\/wp\/?page_id=586","title":{"rendered":"Ausstellungsarchiv (2)"},"content":{"rendered":"<p><strong>Bunte und unkonventionelle Werke junger K\u00fcnstler<\/strong><br \/>\nAusstellungszeitraum: 17.11.2011 &#8211; 31.03.2012<br \/>\n<a href=\"https:\/\/ifage-grund.de\/wp\/?page_id=400\">zur\u00fcck zur aktuellen Ausstellung<\/a><\/p>\n<div class=\"imgDIVinTextLeft\" align=\"left\">\n<div class=\"image_td\">\n<p>Die Jugendgalerie KUNSTSPLITTER zeigt sich mal wieder in neuen R\u00e4umen mit einer Ausstellung junger K\u00fcnstlerInnen aus dem Rhein-Main-Gebiet.<br \/>\n<em>\u201ewenn das ungewitter in den w\u00e4nden h\u00e4ngt und die g\u00e4nseheut im film erscheint<br \/>\nund die krake frieden malt<\/em>\u201c lautet malerisch der Titel dieser Schau.<\/p>\n<p>Sarah Rosengarten, Marcel&nbsp;Fleischmann und Alexander Roja zeigen Zeichnungen, gro\u00dfformatige Malereien und Fotografien mit weitschweifenden Themen.<br \/>\nDie Ausstellung ist noch bis zum 31. M\u00e4rz 2012 zu sehen.<\/p>\n<p>Ansprechpartner f\u00fcr Interessenten<br \/>\nR\u00fcdiger Steiner Tel.:+49 (0)611 60 92 425 bzw. 0175-3316509 E-Mail:<a title=\"Email: ruediger.steiner at gmx.de\" href=\"mailto:ruediger.steiner@gmx.de\"> ruediger.steiner@gmx.de<\/a><\/p>\n<\/div>\n<\/div>\n<p>&nbsp;<\/p>\n<p>ngg_shortcode_0_placeholder<a href=\"https:\/\/ifage-grund.de\/wp\/?page_id=400\">zur\u00fcck zur aktuellen Ausstellung<\/a><\/p>\n","protected":false},"excerpt":{"rendered":"<p>Bunte und unkonventionelle Werke junger K\u00fcnstler Ausstellungszeitraum: 17.11.2011 &#8211; 31.03.2012 zur\u00fcck zur aktuellen Ausstellung Die Jugendgalerie KUNSTSPLITTER zeigt sich mal wieder in neuen R\u00e4umen mit einer Ausstellung junger K\u00fcnstlerInnen aus dem Rhein-Main-Gebiet. \u201ewenn das ungewitter in den w\u00e4nden h\u00e4ngt und &hellip; <a href=\"https:\/\/ifage-grund.de\/wp\/?page_id=586\">Weiterlesen <span class=\"meta-nav\">&rarr;<\/span><\/a><\/p>\n","protected":false},"author":1,"featured_media":0,"parent":0,"menu_order":0,"comment_status":"closed","ping_status":"closed","template":"sidebar-page.php","meta":{"ngg_post_thumbnail":0,"footnotes":""},"class_list":["post-586","page","type-page","status-publish","hentry"],"_links":{"self":[{"href":"https:\/\/ifage-grund.de\/wp\/index.php?rest_route=\/wp\/v2\/pages\/586","targetHints":{"allow":["GET"]}}],"collection":[{"href":"https:\/\/ifage-grund.de\/wp\/index.php?rest_route=\/wp\/v2\/pages"}],"about":[{"href":"https:\/\/ifage-grund.de\/wp\/index.php?rest_route=\/wp\/v2\/types\/page"}],"author":[{"embeddable":true,"href":"https:\/\/ifage-grund.de\/wp\/index.php?rest_route=\/wp\/v2\/users\/1"}],"replies":[{"embeddable":true,"href":"https:\/\/ifage-grund.de\/wp\/index.php?rest_route=%2Fwp%2Fv2%2Fcomments&post=586"}],"version-history":[{"count":3,"href":"https:\/\/ifage-grund.de\/wp\/index.php?rest_route=\/wp\/v2\/pages\/586\/revisions"}],"predecessor-version":[{"id":1229,"href":"https:\/\/ifage-grund.de\/wp\/index.php?rest_route=\/wp\/v2\/pages\/586\/revisions\/1229"}],"wp:attachment":[{"href":"https:\/\/ifage-grund.de\/wp\/index.php?rest_route=%2Fwp%2Fv2%2Fmedia&parent=586"}],"curies":[{"name":"wp","href":"https:\/\/api.w.org\/{rel}","templated":true}]}}