{"id":578,"date":"2017-09-20T13:56:11","date_gmt":"2017-09-20T13:56:11","guid":{"rendered":"http:\/\/ifage-grund.de\/wp\/?page_id=578"},"modified":"2022-11-25T11:57:52","modified_gmt":"2022-11-25T11:57:52","slug":"ausstellungsarchiv-3","status":"publish","type":"page","link":"https:\/\/ifage-grund.de\/wp\/?page_id=578","title":{"rendered":"Ausstellungsarchiv (3)"},"content":{"rendered":"<p><strong>Die magische Kraft der Kinderkunst<\/strong><br \/>\nAusstellungszeitraum: 01.04.2012 &#8211; 01.09.2012<br \/>\n<a href=\"https:\/\/ifage-grund.de\/wp\/?page_id=400\">zur\u00fcck zur aktuellen Ausstellung<\/a><\/p>\n<div class=\"imgDIVinTextLeft\" align=\"left\">\n<div class=\"image_td\">\n<p>Die Kunst von zwei- bis elfj\u00e4hrigen Kindern enth\u00e4lt viel vom Geist der Klassischen Moderne. Die kleinen K\u00fcnstler versuchen mit ihrer Bildsprache komplexe Realit\u00e4t und Gef\u00fchle miteinander zu verbinden. Ihre Werke sind damit auf das Wesentliche der Dinge gerichtet und stellen ein St\u00fcck erlebte Welt dar. Reales wird mit Gef\u00fchlen, Sichtbares mit Unsichtbarem, Gedanken mit Phantasien verbunden. Eine magische Kraft, die verzaubert!<\/p>\n<p>Von dieser magischen Kraft waren viele K\u00fcnstler des 20. Jahrhunderts fasziniert. Die Originalit\u00e4t, Identit\u00e4t und kindliche Logik dieser kraftvollen Bildsprache beeinflusste viele ihrer Werke. Einige waren dar\u00fcber hinaus eifrige Sammler von Kinderkunst. Gabriele M\u00fcnter, Wassily Kandinsky, Paul Klee, Pablo Picasso, Joan Mir\u00f3, Henri Matisse, Jean Dubuffet und die Mitglieder der Gruppe Cobra sind hinsichtlich einer solchen Sammelt\u00e4tigkeit, die in vielen F\u00e4llen Ankn\u00fcpfungspunkte an die eigene Kunst ergab, f\u00fchrend gewesen. Vor dem ersten Weltkrieg soll Henri Matisse einen \u201eSalon des enfants\u201c in Paris mitveranstaltet haben.<\/p>\n<\/div>\n<\/div>\n<p>&nbsp;<\/p>\n<p>ngg_shortcode_0_placeholder<a href=\"https:\/\/ifage-grund.de\/wp\/?page_id=400\">zur\u00fcck zur aktuellen Ausstellung<\/a><\/p>\n","protected":false},"excerpt":{"rendered":"<p>Die magische Kraft der Kinderkunst Ausstellungszeitraum: 01.04.2012 &#8211; 01.09.2012 zur\u00fcck zur aktuellen Ausstellung Die Kunst von zwei- bis elfj\u00e4hrigen Kindern enth\u00e4lt viel vom Geist der Klassischen Moderne. Die kleinen K\u00fcnstler versuchen mit ihrer Bildsprache komplexe Realit\u00e4t und Gef\u00fchle miteinander zu &hellip; <a href=\"https:\/\/ifage-grund.de\/wp\/?page_id=578\">Weiterlesen <span class=\"meta-nav\">&rarr;<\/span><\/a><\/p>\n","protected":false},"author":1,"featured_media":0,"parent":0,"menu_order":0,"comment_status":"closed","ping_status":"closed","template":"sidebar-page.php","meta":{"ngg_post_thumbnail":0,"footnotes":""},"class_list":["post-578","page","type-page","status-publish","hentry"],"_links":{"self":[{"href":"https:\/\/ifage-grund.de\/wp\/index.php?rest_route=\/wp\/v2\/pages\/578","targetHints":{"allow":["GET"]}}],"collection":[{"href":"https:\/\/ifage-grund.de\/wp\/index.php?rest_route=\/wp\/v2\/pages"}],"about":[{"href":"https:\/\/ifage-grund.de\/wp\/index.php?rest_route=\/wp\/v2\/types\/page"}],"author":[{"embeddable":true,"href":"https:\/\/ifage-grund.de\/wp\/index.php?rest_route=\/wp\/v2\/users\/1"}],"replies":[{"embeddable":true,"href":"https:\/\/ifage-grund.de\/wp\/index.php?rest_route=%2Fwp%2Fv2%2Fcomments&post=578"}],"version-history":[{"count":2,"href":"https:\/\/ifage-grund.de\/wp\/index.php?rest_route=\/wp\/v2\/pages\/578\/revisions"}],"predecessor-version":[{"id":1239,"href":"https:\/\/ifage-grund.de\/wp\/index.php?rest_route=\/wp\/v2\/pages\/578\/revisions\/1239"}],"wp:attachment":[{"href":"https:\/\/ifage-grund.de\/wp\/index.php?rest_route=%2Fwp%2Fv2%2Fmedia&parent=578"}],"curies":[{"name":"wp","href":"https:\/\/api.w.org\/{rel}","templated":true}]}}