{"id":550,"date":"2017-09-20T13:15:18","date_gmt":"2017-09-20T13:15:18","guid":{"rendered":"http:\/\/ifage-grund.de\/wp\/?page_id=550"},"modified":"2022-11-25T12:01:25","modified_gmt":"2022-11-25T12:01:25","slug":"ausstellungsarchiv-6","status":"publish","type":"page","link":"https:\/\/ifage-grund.de\/wp\/?page_id=550","title":{"rendered":"Ausstellungsarchiv (6)"},"content":{"rendered":"<p><strong>Instrumente, Kompositionen, Landschaften: B<\/strong><strong>ilder von Doris Tofall<\/strong><br \/>\nAusstellungszeitraum: 10.06.2013 &#8211; 07.11.2013<br \/>\n<a href=\"https:\/\/ifage-grund.de\/wp\/?page_id=400\">zur\u00fcck zur aktuellen Ausstellung<\/a><\/p>\n<div class=\"imgDIVinTextLeft\" align=\"left\">\n<div class=\"image_td\">\n<p>Doris Tofall lebt als freie K\u00fcnstlerin in Taunusstein. Seit dem 10.06.2013 sind einige Ihrer Werke im Glasfoyer des IFAGE Geb\u00e4udekomplexes zu sehen: \u00dcber die dort ausgestellten Bilder sagt die K\u00fcnstlerin selbst:<\/p>\n<p>&#8222;Die hier gezeigte Acrylmalerei teilt sich grob in drei Werkgruppen:&nbsp; Im \u201eFoyer\u201c zeige ich sechs Arbeiten aus der Serie INSTRUMENTE. Selbst etwas klavierspielend, habe ich bei unterschiedlicher Abstrahierung die Wesenheit eines Musikinstrumentes zu erfassen versucht.&nbsp; Den langen Gang teilen sich zwei Werkgruppen: Abstrakte KOMPOSITIONEN und imagin\u00e4re LANDSCHAFTEN.&nbsp; Er\u00f6ffnet wird die Reihe durch zwei Gro\u00dfformate: Kompositionen, die mit ihren vegetativen Formen ein Bindeglied zu den Landschaften darstellen. Danach &#8211; ganz neue Bilder &#8211; zwei grau-schwarze Kompositionen, die im Moment die starke Farbigkeit der quadratischen Kompositionen abgel\u00f6st haben. Die zumeist ebenso quadratischen Landschaften in der Folge mit dem Gro\u00dfen Baumbild (Birken) zum Abschlu\u00df sind unterschiedlich abstrahierte \u00b4imaginierte\u00b4 Motive, die auf die malerische Wirkung von Form und Farbe setzen.&#8220;<\/p>\n<\/div>\n<\/div>\n<p>ngg_shortcode_0_placeholder<a href=\"https:\/\/ifage-grund.de\/wp\/?page_id=400\">zur\u00fcck zur aktuellen Ausstellung<\/a><\/p>\n","protected":false},"excerpt":{"rendered":"<p>Instrumente, Kompositionen, Landschaften: Bilder von Doris Tofall Ausstellungszeitraum: 10.06.2013 &#8211; 07.11.2013 zur\u00fcck zur aktuellen Ausstellung Doris Tofall lebt als freie K\u00fcnstlerin in Taunusstein. Seit dem 10.06.2013 sind einige Ihrer Werke im Glasfoyer des IFAGE Geb\u00e4udekomplexes zu sehen: \u00dcber die dort &hellip; <a href=\"https:\/\/ifage-grund.de\/wp\/?page_id=550\">Weiterlesen <span class=\"meta-nav\">&rarr;<\/span><\/a><\/p>\n","protected":false},"author":1,"featured_media":0,"parent":0,"menu_order":0,"comment_status":"closed","ping_status":"closed","template":"sidebar-page.php","meta":{"ngg_post_thumbnail":0,"footnotes":""},"class_list":["post-550","page","type-page","status-publish","hentry"],"_links":{"self":[{"href":"https:\/\/ifage-grund.de\/wp\/index.php?rest_route=\/wp\/v2\/pages\/550","targetHints":{"allow":["GET"]}}],"collection":[{"href":"https:\/\/ifage-grund.de\/wp\/index.php?rest_route=\/wp\/v2\/pages"}],"about":[{"href":"https:\/\/ifage-grund.de\/wp\/index.php?rest_route=\/wp\/v2\/types\/page"}],"author":[{"embeddable":true,"href":"https:\/\/ifage-grund.de\/wp\/index.php?rest_route=\/wp\/v2\/users\/1"}],"replies":[{"embeddable":true,"href":"https:\/\/ifage-grund.de\/wp\/index.php?rest_route=%2Fwp%2Fv2%2Fcomments&post=550"}],"version-history":[{"count":3,"href":"https:\/\/ifage-grund.de\/wp\/index.php?rest_route=\/wp\/v2\/pages\/550\/revisions"}],"predecessor-version":[{"id":1244,"href":"https:\/\/ifage-grund.de\/wp\/index.php?rest_route=\/wp\/v2\/pages\/550\/revisions\/1244"}],"wp:attachment":[{"href":"https:\/\/ifage-grund.de\/wp\/index.php?rest_route=%2Fwp%2Fv2%2Fmedia&parent=550"}],"curies":[{"name":"wp","href":"https:\/\/api.w.org\/{rel}","templated":true}]}}