{"id":540,"date":"2017-09-20T12:51:56","date_gmt":"2017-09-20T12:51:56","guid":{"rendered":"http:\/\/ifage-grund.de\/wp\/?page_id=540"},"modified":"2022-11-25T12:02:09","modified_gmt":"2022-11-25T12:02:09","slug":"ausstellungsarchiv-7","status":"publish","type":"page","link":"https:\/\/ifage-grund.de\/wp\/?page_id=540","title":{"rendered":"Ausstellungsarchiv (7)"},"content":{"rendered":"<p><strong>Bilder von Wilfried M\u00f6hring<\/strong><br \/>\nAusstellungszeitraum: 21.11.2013 &#8211; 31.03.2014<br \/>\n<a href=\"https:\/\/ifage-grund.de\/wp\/?page_id=400\">zur\u00fcck zur aktuellen Ausstellung<\/a><\/p>\n<div class=\"imgDIVinTextLeft\" align=\"left\">\n<div class=\"image_td\">\n<p>Seit dem 20.11.2013 sind im Glasfoyer des IFAGE Geb\u00e4udekomplexes ausgew\u00e4hlte Bilder des K\u00fcnstlers Wilfried M\u00f6hring zu sehen. \u00dcber sein Werk sagt der K\u00fcnstler selbst:<\/p>\n<p>&#8222;Im Laufe der Jahre entwickelte ich meine Arbeit Schritt f\u00fcr Schritt. Auf jeder Stufe meiner Entwicklung mu\u00dfte ich eine neue Vision meiner Arbeit entwerfen, um nicht in die Gefahr der eigenen Reproduktion zu geraten. Die Wachstumsprozesse meines Menschseins sind die Quelle, aus der ich meine Bilder sch\u00f6pfe, denn jedes Bild ist ein Spiegel meiner inneren Prozesse. In meiner Verantwortung liegt es, einem Bild all meine Energien zu geben, die ich f\u00fcr seine Entstehung zur Verf\u00fcgung habe.&#8220;<\/p>\n<\/div>\n<\/div>\n<p>ngg_shortcode_0_placeholder<a href=\"https:\/\/ifage-grund.de\/wp\/?page_id=400\">zur\u00fcck zur aktuellen Ausstellung<\/a><\/p>\n","protected":false},"excerpt":{"rendered":"<p>Bilder von Wilfried M\u00f6hring Ausstellungszeitraum: 21.11.2013 &#8211; 31.03.2014 zur\u00fcck zur aktuellen Ausstellung Seit dem 20.11.2013 sind im Glasfoyer des IFAGE Geb\u00e4udekomplexes ausgew\u00e4hlte Bilder des K\u00fcnstlers Wilfried M\u00f6hring zu sehen. \u00dcber sein Werk sagt der K\u00fcnstler selbst: &#8222;Im Laufe der Jahre &hellip; <a href=\"https:\/\/ifage-grund.de\/wp\/?page_id=540\">Weiterlesen <span class=\"meta-nav\">&rarr;<\/span><\/a><\/p>\n","protected":false},"author":1,"featured_media":0,"parent":0,"menu_order":0,"comment_status":"closed","ping_status":"closed","template":"sidebar-page.php","meta":{"ngg_post_thumbnail":0,"footnotes":""},"class_list":["post-540","page","type-page","status-publish","hentry"],"_links":{"self":[{"href":"https:\/\/ifage-grund.de\/wp\/index.php?rest_route=\/wp\/v2\/pages\/540","targetHints":{"allow":["GET"]}}],"collection":[{"href":"https:\/\/ifage-grund.de\/wp\/index.php?rest_route=\/wp\/v2\/pages"}],"about":[{"href":"https:\/\/ifage-grund.de\/wp\/index.php?rest_route=\/wp\/v2\/types\/page"}],"author":[{"embeddable":true,"href":"https:\/\/ifage-grund.de\/wp\/index.php?rest_route=\/wp\/v2\/users\/1"}],"replies":[{"embeddable":true,"href":"https:\/\/ifage-grund.de\/wp\/index.php?rest_route=%2Fwp%2Fv2%2Fcomments&post=540"}],"version-history":[{"count":3,"href":"https:\/\/ifage-grund.de\/wp\/index.php?rest_route=\/wp\/v2\/pages\/540\/revisions"}],"predecessor-version":[{"id":1245,"href":"https:\/\/ifage-grund.de\/wp\/index.php?rest_route=\/wp\/v2\/pages\/540\/revisions\/1245"}],"wp:attachment":[{"href":"https:\/\/ifage-grund.de\/wp\/index.php?rest_route=%2Fwp%2Fv2%2Fmedia&parent=540"}],"curies":[{"name":"wp","href":"https:\/\/api.w.org\/{rel}","templated":true}]}}