{"id":528,"date":"2017-09-20T12:27:11","date_gmt":"2017-09-20T12:27:11","guid":{"rendered":"http:\/\/ifage-grund.de\/wp\/?page_id=528"},"modified":"2022-11-25T12:02:54","modified_gmt":"2022-11-25T12:02:54","slug":"ausstellungsarchiv-8","status":"publish","type":"page","link":"https:\/\/ifage-grund.de\/wp\/?page_id=528","title":{"rendered":"Ausstellungsarchiv (8)"},"content":{"rendered":"<p><strong>Ausstellung &#8222;WIR VIER&#8220; von &#8222;ICH UND WIR&#8220;<\/strong><br \/>\nAusstellungszeitraum: 10.04.2014 &#8211; 01.09.2014<br \/>\n<a href=\"https:\/\/ifage-grund.de\/wp\/?page_id=400\">zur\u00fcck zur aktuellen Ausstellung<\/a><\/p>\n<div class=\"imgDIVinTextLeft\" align=\"left\">\n<div class=\"image_td\"><img loading=\"lazy\" decoding=\"async\" class=\"image_img alignleft\" src=\"http:\/\/www.ifage-grund.de\/phpwcms\/content\/images\/428149f60e42c79813f625b96d8cd5af.jpg\" alt=\"ichundwir2.jpg\" width=\"150\" height=\"300\" border=\"0\"><\/div>\n<\/div>\n<p>&nbsp;<\/p>\n<div class=\"articleText\">\n<p>Einf\u00fchrung: Matthias Gessinger, Kulturpreistr\u00e4ger der Landeshauptstadt Wiesbaden<\/p>\n<p>Die Ausstellung ist ge\u00f6ffnet vom<br \/>\n11. April bis 28. September 2014<\/p>\n<p>Montag bis Freitag 10.00 &#8211; 17.00<br \/>\nSamstag 10.00 &#8211; 13.00 Uhr<\/p>\n<\/div>\n<p>&nbsp;<\/p>\n<p>&nbsp;<\/p>\n<p>ngg_shortcode_0_placeholder<a href=\"https:\/\/ifage-grund.de\/wp\/?page_id=400\">zur\u00fcck zur aktuellen Ausstellung<\/a><\/p>\n","protected":false},"excerpt":{"rendered":"<p>Ausstellung &#8222;WIR VIER&#8220; von &#8222;ICH UND WIR&#8220; Ausstellungszeitraum: 10.04.2014 &#8211; 01.09.2014 zur\u00fcck zur aktuellen Ausstellung &nbsp; Einf\u00fchrung: Matthias Gessinger, Kulturpreistr\u00e4ger der Landeshauptstadt Wiesbaden Die Ausstellung ist ge\u00f6ffnet vom 11. April bis 28. September 2014 Montag bis Freitag 10.00 &#8211; 17.00 &hellip; <a href=\"https:\/\/ifage-grund.de\/wp\/?page_id=528\">Weiterlesen <span class=\"meta-nav\">&rarr;<\/span><\/a><\/p>\n","protected":false},"author":1,"featured_media":0,"parent":0,"menu_order":0,"comment_status":"closed","ping_status":"closed","template":"sidebar-page.php","meta":{"ngg_post_thumbnail":0,"footnotes":""},"class_list":["post-528","page","type-page","status-publish","hentry"],"_links":{"self":[{"href":"https:\/\/ifage-grund.de\/wp\/index.php?rest_route=\/wp\/v2\/pages\/528","targetHints":{"allow":["GET"]}}],"collection":[{"href":"https:\/\/ifage-grund.de\/wp\/index.php?rest_route=\/wp\/v2\/pages"}],"about":[{"href":"https:\/\/ifage-grund.de\/wp\/index.php?rest_route=\/wp\/v2\/types\/page"}],"author":[{"embeddable":true,"href":"https:\/\/ifage-grund.de\/wp\/index.php?rest_route=\/wp\/v2\/users\/1"}],"replies":[{"embeddable":true,"href":"https:\/\/ifage-grund.de\/wp\/index.php?rest_route=%2Fwp%2Fv2%2Fcomments&post=528"}],"version-history":[{"count":2,"href":"https:\/\/ifage-grund.de\/wp\/index.php?rest_route=\/wp\/v2\/pages\/528\/revisions"}],"predecessor-version":[{"id":1246,"href":"https:\/\/ifage-grund.de\/wp\/index.php?rest_route=\/wp\/v2\/pages\/528\/revisions\/1246"}],"wp:attachment":[{"href":"https:\/\/ifage-grund.de\/wp\/index.php?rest_route=%2Fwp%2Fv2%2Fmedia&parent=528"}],"curies":[{"name":"wp","href":"https:\/\/api.w.org\/{rel}","templated":true}]}}