{"id":518,"date":"2017-09-20T12:12:27","date_gmt":"2017-09-20T12:12:27","guid":{"rendered":"http:\/\/ifage-grund.de\/wp\/?page_id=518"},"modified":"2022-11-25T12:04:08","modified_gmt":"2022-11-25T12:04:08","slug":"ausstellungsarchiv-9","status":"publish","type":"page","link":"https:\/\/ifage-grund.de\/wp\/?page_id=518","title":{"rendered":"Ausstellungsarchiv (9)"},"content":{"rendered":"<p><strong>Ausstellung &#8222;Erdt\u00f6ne und mehr&#8220; von Sitta Derstroff<\/strong><br \/>\nAusstellungszeitraum: 11.09.2014 &#8211; 31.12.2014<br \/>\n<a href=\"https:\/\/ifage-grund.de\/wp\/?page_id=400\">zur\u00fcck zur aktuellen Ausstellung<\/a><\/p>\n<div class=\"imgDIVinTextLeft\" align=\"left\">\n<div class=\"image_td\"><a href=\"http:\/\/www.ifage-grund.de\/phpwcms\/image_zoom.php?show=Zjk3MTIwY2ExODZmOTI2MTIyYjFiOTg5YzkyNWY2Y2EuanBnP3dpZHRoPSIzMzciIGhlaWdodD0iNDM3Ig%3D%3D\"><img loading=\"lazy\" decoding=\"async\" class=\"image_img alignleft\" src=\"http:\/\/www.ifage-grund.de\/phpwcms\/content\/images\/131a0b737f7c62c7bc79de60cd744407.jpg\" alt=\"Plakat1.jpg\" width=\"196\" height=\"251\" border=\"0\"><\/a>Die in Geisenheim lebende K\u00fcnstlerin sagt \u00fcber sich selbst:<\/div>\n<\/div>\n<div class=\"articleText\">\n<p>Meine Inspirationen sind die kleinen Dinge des Alltags, alles was mir begegnet, mich umgibt und das Leben selbst. Ich bin neugierig und offen f\u00fcr Neues, das macht mein Oeuvre vielf\u00e4ltig. Ich probiere und kombiniere verschiedene Techniken und Materialien miteinander, der freie Prozess er\u00f6ffnet mir M\u00f6glichkeiten des Ausdrucks und neue Sichtweisen.<br \/>\nSo entstehen meine Kritzeleien, meine Objekte, der Zyklus Erdt\u00f6ne und vieles mehr.<\/p>\n<p>Die Ausstellung ist&nbsp; bis zum 31.12.2014 im Glaspavillon der IFAGE zu besichtigen.<\/p>\n<\/div>\n<p>ngg_shortcode_0_placeholder<a href=\"https:\/\/ifage-grund.de\/wp\/?page_id=400\">zur\u00fcck zur aktuellen Ausstellung<\/a><\/p>\n","protected":false},"excerpt":{"rendered":"<p>Ausstellung &#8222;Erdt\u00f6ne und mehr&#8220; von Sitta Derstroff Ausstellungszeitraum: 11.09.2014 &#8211; 31.12.2014 zur\u00fcck zur aktuellen Ausstellung Die in Geisenheim lebende K\u00fcnstlerin sagt \u00fcber sich selbst: Meine Inspirationen sind die kleinen Dinge des Alltags, alles was mir begegnet, mich umgibt und das &hellip; <a href=\"https:\/\/ifage-grund.de\/wp\/?page_id=518\">Weiterlesen <span class=\"meta-nav\">&rarr;<\/span><\/a><\/p>\n","protected":false},"author":1,"featured_media":0,"parent":0,"menu_order":0,"comment_status":"closed","ping_status":"closed","template":"sidebar-page.php","meta":{"ngg_post_thumbnail":0,"footnotes":""},"class_list":["post-518","page","type-page","status-publish","hentry"],"_links":{"self":[{"href":"https:\/\/ifage-grund.de\/wp\/index.php?rest_route=\/wp\/v2\/pages\/518","targetHints":{"allow":["GET"]}}],"collection":[{"href":"https:\/\/ifage-grund.de\/wp\/index.php?rest_route=\/wp\/v2\/pages"}],"about":[{"href":"https:\/\/ifage-grund.de\/wp\/index.php?rest_route=\/wp\/v2\/types\/page"}],"author":[{"embeddable":true,"href":"https:\/\/ifage-grund.de\/wp\/index.php?rest_route=\/wp\/v2\/users\/1"}],"replies":[{"embeddable":true,"href":"https:\/\/ifage-grund.de\/wp\/index.php?rest_route=%2Fwp%2Fv2%2Fcomments&post=518"}],"version-history":[{"count":3,"href":"https:\/\/ifage-grund.de\/wp\/index.php?rest_route=\/wp\/v2\/pages\/518\/revisions"}],"predecessor-version":[{"id":1247,"href":"https:\/\/ifage-grund.de\/wp\/index.php?rest_route=\/wp\/v2\/pages\/518\/revisions\/1247"}],"wp:attachment":[{"href":"https:\/\/ifage-grund.de\/wp\/index.php?rest_route=%2Fwp%2Fv2%2Fmedia&parent=518"}],"curies":[{"name":"wp","href":"https:\/\/api.w.org\/{rel}","templated":true}]}}