{"id":508,"date":"2017-09-20T10:51:31","date_gmt":"2017-09-20T10:51:31","guid":{"rendered":"http:\/\/ifage-grund.de\/wp\/?page_id=508"},"modified":"2022-11-25T11:41:13","modified_gmt":"2022-11-25T11:41:13","slug":"ausstellungsarchiv-10","status":"publish","type":"page","link":"https:\/\/ifage-grund.de\/wp\/?page_id=508","title":{"rendered":"Ausstellungsarchiv (10)"},"content":{"rendered":"<p><strong>AUFPRALL &#8211; \u00d6lbilder von Roman Mikos<\/strong><br \/>\nAusstellungszeitraum: 15.01.2015 &#8211; 31.05.2015<br \/>\n<a href=\"https:\/\/ifage-grund.de\/wp\/?page_id=400\">zur\u00fcck zur aktuellen Ausstellung<\/a><\/p>\n<p>Roman Mikos lebt und arbeitet seit 1995 in Eltville. Michael Becker sagt \u00fcber das Werk des K\u00fcnstlers: \u201eDie Bilder von Roman Mikos f\u00fchren den Betrachter auf eine spannende Reise in abstrakte Farblandschaften, die die Gesetze des realistischen Sehens hinter sich lassen. Vor allem spielt Mikos mit der Eigenproduktivit\u00e4t des Betrachters, der in dem Farbzusammenhang die Geschichten, Ansichten, Figuren etc. herausliest und damit einen sehr individuellen Zugang zum Werk findet.\u201c<\/p>\n<p>ngg_shortcode_0_placeholderDie Ausstellung ist bis zum 31.05.2015 im Glaspavillon der IFAGE zu besichtigen.<br \/>\n\u00d6ffnungszeiten: t\u00e4glich von 8:00 &#8211; 18:00 Uhr (au\u00dfer Sonntags)<\/p>\n<p><a href=\"https:\/\/ifage-grund.de\/wp\/?page_id=400\">zur\u00fcck zur aktuellen Ausstellung<\/a><\/p>\n","protected":false},"excerpt":{"rendered":"<p>AUFPRALL &#8211; \u00d6lbilder von Roman Mikos Ausstellungszeitraum: 15.01.2015 &#8211; 31.05.2015 zur\u00fcck zur aktuellen Ausstellung Roman Mikos lebt und arbeitet seit 1995 in Eltville. Michael Becker sagt \u00fcber das Werk des K\u00fcnstlers: \u201eDie Bilder von Roman Mikos f\u00fchren den Betrachter auf &hellip; <a href=\"https:\/\/ifage-grund.de\/wp\/?page_id=508\">Weiterlesen <span class=\"meta-nav\">&rarr;<\/span><\/a><\/p>\n","protected":false},"author":1,"featured_media":0,"parent":0,"menu_order":0,"comment_status":"closed","ping_status":"closed","template":"sidebar-page.php","meta":{"ngg_post_thumbnail":0,"footnotes":""},"class_list":["post-508","page","type-page","status-publish","hentry"],"_links":{"self":[{"href":"https:\/\/ifage-grund.de\/wp\/index.php?rest_route=\/wp\/v2\/pages\/508","targetHints":{"allow":["GET"]}}],"collection":[{"href":"https:\/\/ifage-grund.de\/wp\/index.php?rest_route=\/wp\/v2\/pages"}],"about":[{"href":"https:\/\/ifage-grund.de\/wp\/index.php?rest_route=\/wp\/v2\/types\/page"}],"author":[{"embeddable":true,"href":"https:\/\/ifage-grund.de\/wp\/index.php?rest_route=\/wp\/v2\/users\/1"}],"replies":[{"embeddable":true,"href":"https:\/\/ifage-grund.de\/wp\/index.php?rest_route=%2Fwp%2Fv2%2Fcomments&post=508"}],"version-history":[{"count":6,"href":"https:\/\/ifage-grund.de\/wp\/index.php?rest_route=\/wp\/v2\/pages\/508\/revisions"}],"predecessor-version":[{"id":1218,"href":"https:\/\/ifage-grund.de\/wp\/index.php?rest_route=\/wp\/v2\/pages\/508\/revisions\/1218"}],"wp:attachment":[{"href":"https:\/\/ifage-grund.de\/wp\/index.php?rest_route=%2Fwp%2Fv2%2Fmedia&parent=508"}],"curies":[{"name":"wp","href":"https:\/\/api.w.org\/{rel}","templated":true}]}}