{"id":495,"date":"2017-09-20T10:29:23","date_gmt":"2017-09-20T10:29:23","guid":{"rendered":"http:\/\/ifage-grund.de\/wp\/?page_id=495"},"modified":"2022-11-25T12:14:40","modified_gmt":"2022-11-25T12:14:40","slug":"ausstellungsarchiv-11","status":"publish","type":"page","link":"https:\/\/ifage-grund.de\/wp\/?page_id=495","title":{"rendered":"Ausstellungsarchiv (11)"},"content":{"rendered":"<p><strong>AQUAGRAPHIEN &#8211; von Rainer Mienert<\/strong><br \/>\nAusstellungszeitraum: 11.06.2015 &#8211; 02.11.2015<br \/>\n<a href=\"https:\/\/ifage-grund.de\/wp\/?page_id=400\">zur\u00fcck zur aktuellen Ausstellung<\/a><\/p>\n<p>Rainer Mienert ist selbstst\u00e4ndiger Fotograf im Bereich Werbedesign und Gr\u00fcnder des Atelier de Arte in Gro\u00df-Gerau. Auf der Suche nach neuen Bildgestaltungsm\u00f6glichkeiten entwickelte er im Laufe der Zeit eine handwerkliche Methode, die seine Bilder auf den ersten Blick wie Gem\u00e4lde erscheinen lassen. Durch diese einzigartige Technik gelingt es ihm, kurze Augenblicke und einzelne faszinierende Momente festzuhalten und zu zeigen, dass nicht immer das Offensichtliche im Mittelpunkt stehen muss.<\/p>\n<p>Fotografie und Aquarell verschwimmen.<br \/>\nSie werden zu etwas Einzigartigem &#8211; zu Aquagrafien<\/p>\n<p>ngg_shortcode_0_placeholderDie Ausstellung ist bis zum 08.10.2015 im Glaspavillon der IFAGE zu besichtigen.<br \/>\n\u00d6ffnungszeiten: t\u00e4glich von 8:00 &#8211; 18:00 Uhr (au\u00dfer Sonntags)<\/p>\n<p><a href=\"https:\/\/ifage-grund.de\/wp\/?page_id=400\">zur\u00fcck zur aktuellen Ausstellung<\/a><\/p>\n","protected":false},"excerpt":{"rendered":"<p>AQUAGRAPHIEN &#8211; von Rainer Mienert Ausstellungszeitraum: 11.06.2015 &#8211; 02.11.2015 zur\u00fcck zur aktuellen Ausstellung Rainer Mienert ist selbstst\u00e4ndiger Fotograf im Bereich Werbedesign und Gr\u00fcnder des Atelier de Arte in Gro\u00df-Gerau. Auf der Suche nach neuen Bildgestaltungsm\u00f6glichkeiten entwickelte er im Laufe der &hellip; <a href=\"https:\/\/ifage-grund.de\/wp\/?page_id=495\">Weiterlesen <span class=\"meta-nav\">&rarr;<\/span><\/a><\/p>\n","protected":false},"author":1,"featured_media":0,"parent":0,"menu_order":0,"comment_status":"closed","ping_status":"closed","template":"sidebar-page.php","meta":{"ngg_post_thumbnail":0,"footnotes":""},"class_list":["post-495","page","type-page","status-publish","hentry"],"_links":{"self":[{"href":"https:\/\/ifage-grund.de\/wp\/index.php?rest_route=\/wp\/v2\/pages\/495","targetHints":{"allow":["GET"]}}],"collection":[{"href":"https:\/\/ifage-grund.de\/wp\/index.php?rest_route=\/wp\/v2\/pages"}],"about":[{"href":"https:\/\/ifage-grund.de\/wp\/index.php?rest_route=\/wp\/v2\/types\/page"}],"author":[{"embeddable":true,"href":"https:\/\/ifage-grund.de\/wp\/index.php?rest_route=\/wp\/v2\/users\/1"}],"replies":[{"embeddable":true,"href":"https:\/\/ifage-grund.de\/wp\/index.php?rest_route=%2Fwp%2Fv2%2Fcomments&post=495"}],"version-history":[{"count":5,"href":"https:\/\/ifage-grund.de\/wp\/index.php?rest_route=\/wp\/v2\/pages\/495\/revisions"}],"predecessor-version":[{"id":1249,"href":"https:\/\/ifage-grund.de\/wp\/index.php?rest_route=\/wp\/v2\/pages\/495\/revisions\/1249"}],"wp:attachment":[{"href":"https:\/\/ifage-grund.de\/wp\/index.php?rest_route=%2Fwp%2Fv2%2Fmedia&parent=495"}],"curies":[{"name":"wp","href":"https:\/\/api.w.org\/{rel}","templated":true}]}}