{"id":481,"date":"2017-09-20T10:11:54","date_gmt":"2017-09-20T10:11:54","guid":{"rendered":"http:\/\/ifage-grund.de\/wp\/?page_id=481"},"modified":"2022-11-25T11:42:59","modified_gmt":"2022-11-25T11:42:59","slug":"ausstellungsarchiv-12","status":"publish","type":"page","link":"https:\/\/ifage-grund.de\/wp\/?page_id=481","title":{"rendered":"Ausstellungsarchiv (12)"},"content":{"rendered":"<p><strong>Mustersuche 20-15 &#8211; von Andrea Kemmesies<\/strong><br \/>\nAusstellungszeitraum: 20.11.2015 &#8211; 09.04.2016<br \/>\n<a href=\"https:\/\/ifage-grund.de\/wp\/?page_id=400\">zur\u00fcck zur aktuellen Ausstellung<\/a><\/p>\n<p>Die aus M\u00fcnster stammende K\u00fcnstlerin Andrea Kemmesies lebt und arbeitet seit \u00fcber 15 Jahren in Wiesbaden.<\/p>\n<p>Sie arbeitet intuitiv und folgt den gestalterischen Impulsen, die sich aus den diversen Materialien ergeben, die sie einsetzt. Die Materialien verschmelzen \u00fcber die eingesetzten Techniken zu Bildern und Objekten. Mit variierendem Abstraktionsgrad dr\u00e4ngen sich Figuren und Formen in den Vordergrund, ohne sich im Plakativen zu verlieren. Die Arbeiten leben vom Kontrast, von der Kommunikation zwischen Raum, Farbe und Licht.<\/p>\n<p>ngg_shortcode_0_placeholderDie Ausstellung ist bis zum 09.04.2016 im Glaspavillon der IFAGE zu besichtigen.<br \/>\n\u00d6ffnungszeiten: t\u00e4glich von 8:00 &#8211; 18:00 Uhr (au\u00dfer Sonntags)<\/p>\n<p><a href=\"https:\/\/ifage-grund.de\/wp\/?page_id=400\">zur\u00fcck zur aktuellen Ausstellung<\/a><\/p>\n","protected":false},"excerpt":{"rendered":"<p>Mustersuche 20-15 &#8211; von Andrea Kemmesies Ausstellungszeitraum: 20.11.2015 &#8211; 09.04.2016 zur\u00fcck zur aktuellen Ausstellung Die aus M\u00fcnster stammende K\u00fcnstlerin Andrea Kemmesies lebt und arbeitet seit \u00fcber 15 Jahren in Wiesbaden. Sie arbeitet intuitiv und folgt den gestalterischen Impulsen, die sich &hellip; <a href=\"https:\/\/ifage-grund.de\/wp\/?page_id=481\">Weiterlesen <span class=\"meta-nav\">&rarr;<\/span><\/a><\/p>\n","protected":false},"author":1,"featured_media":0,"parent":0,"menu_order":0,"comment_status":"closed","ping_status":"closed","template":"sidebar-page.php","meta":{"ngg_post_thumbnail":0,"footnotes":""},"class_list":["post-481","page","type-page","status-publish","hentry"],"_links":{"self":[{"href":"https:\/\/ifage-grund.de\/wp\/index.php?rest_route=\/wp\/v2\/pages\/481","targetHints":{"allow":["GET"]}}],"collection":[{"href":"https:\/\/ifage-grund.de\/wp\/index.php?rest_route=\/wp\/v2\/pages"}],"about":[{"href":"https:\/\/ifage-grund.de\/wp\/index.php?rest_route=\/wp\/v2\/types\/page"}],"author":[{"embeddable":true,"href":"https:\/\/ifage-grund.de\/wp\/index.php?rest_route=\/wp\/v2\/users\/1"}],"replies":[{"embeddable":true,"href":"https:\/\/ifage-grund.de\/wp\/index.php?rest_route=%2Fwp%2Fv2%2Fcomments&post=481"}],"version-history":[{"count":5,"href":"https:\/\/ifage-grund.de\/wp\/index.php?rest_route=\/wp\/v2\/pages\/481\/revisions"}],"predecessor-version":[{"id":1219,"href":"https:\/\/ifage-grund.de\/wp\/index.php?rest_route=\/wp\/v2\/pages\/481\/revisions\/1219"}],"wp:attachment":[{"href":"https:\/\/ifage-grund.de\/wp\/index.php?rest_route=%2Fwp%2Fv2%2Fmedia&parent=481"}],"curies":[{"name":"wp","href":"https:\/\/api.w.org\/{rel}","templated":true}]}}