{"id":470,"date":"2017-09-20T10:01:08","date_gmt":"2017-09-20T10:01:08","guid":{"rendered":"http:\/\/ifage-grund.de\/wp\/?page_id=470"},"modified":"2022-11-25T11:44:18","modified_gmt":"2022-11-25T11:44:18","slug":"ausstellungsarchiv-13","status":"publish","type":"page","link":"https:\/\/ifage-grund.de\/wp\/?page_id=470","title":{"rendered":"Ausstellungsarchiv (13)"},"content":{"rendered":"<p><strong>Skulpturen von B. H\u00fcnemohr und Fotokunst von M. Kosa<\/strong><br \/>\nAusstellungszeitraum: 14.04.2016 &#8211; 30.07.2016<br \/>\n<a href=\"https:\/\/ifage-grund.de\/wp\/?page_id=400\">zur\u00fcck zur aktuellen Ausstellung<\/a><\/p>\n<p>Die aus Wiesbaden stammende K\u00fcnstlerin Barbara H\u00fcnemohr stellt einige Ihrer Skulpturen aus, von denen sie selbst sagt:<br \/>\n&#8222;Farbige Assemblagen, Bilder und Skulpturen der letzten Jahre sind Zeugen eines Dialoges zwischen Malerei und Plastik. Allt\u00e4gliche Gegenst\u00e4nde, denen man ihre Vergangenheit ansieht werden von mir in einem neuen Kontext pr\u00e4sentiert. Fundst\u00fccke werden zu Eisen- und Treibholzskulpturen, das gefundene Material mit seinen Rost-, Kratz- und Gebrauchsspuren verleihen den Skulpturen Charakter. Wesentliches Element meiner Arbeit ist das Verwandeln von vorgegebenen Objekten in einen neuen lebendigen, spannungsreichen Sinnzusammenhang.&#8220;<\/p>\n<p>Der K\u00fcnstler Martin Kosa lebt und arbeitet als freischaffender Fotograph in Ingelheim am Rhein. Seine Fotokunst beschreibt er so:<br \/>\n&#8222;Beim Fotografieren lasse ich mich davon leiten, dass Bilder m\u00f6glichst geheimnisvoll sein sollen. Dann kann es gelingen, dass sich der Betrachter eingeladen f\u00fchlt, das R\u00e4tselhafte, Surreale und subtil Verfremdete meiner Bildwelten zu entschl\u00fcsseln. Dabei sind die Bilder keine aus mehreren Fotos zusammengesetzten Kompositionen, sondern jedem Bild liegt genau ein digitales oder analoges Negativ zugrunde.&#8220;<\/p>\n<p>ngg_shortcode_0_placeholderDie Ausstellung ist bis zum 30.07.2016 im Glaspavillon der IFAGE zu besichtigen.<br \/>\n\u00d6ffnungszeiten: t\u00e4glich von 8:00 &#8211; 18:00 Uhr (au\u00dfer Sonntags)<\/p>\n<p><a href=\"https:\/\/ifage-grund.de\/wp\/?page_id=400\">zur\u00fcck zur aktuellen Ausstellung<\/a><\/p>\n","protected":false},"excerpt":{"rendered":"<p>Skulpturen von B. H\u00fcnemohr und Fotokunst von M. Kosa Ausstellungszeitraum: 14.04.2016 &#8211; 30.07.2016 zur\u00fcck zur aktuellen Ausstellung Die aus Wiesbaden stammende K\u00fcnstlerin Barbara H\u00fcnemohr stellt einige Ihrer Skulpturen aus, von denen sie selbst sagt: &#8222;Farbige Assemblagen, Bilder und Skulpturen der &hellip; <a href=\"https:\/\/ifage-grund.de\/wp\/?page_id=470\">Weiterlesen <span class=\"meta-nav\">&rarr;<\/span><\/a><\/p>\n","protected":false},"author":1,"featured_media":0,"parent":0,"menu_order":0,"comment_status":"closed","ping_status":"closed","template":"sidebar-page.php","meta":{"ngg_post_thumbnail":0,"footnotes":""},"class_list":["post-470","page","type-page","status-publish","hentry"],"_links":{"self":[{"href":"https:\/\/ifage-grund.de\/wp\/index.php?rest_route=\/wp\/v2\/pages\/470","targetHints":{"allow":["GET"]}}],"collection":[{"href":"https:\/\/ifage-grund.de\/wp\/index.php?rest_route=\/wp\/v2\/pages"}],"about":[{"href":"https:\/\/ifage-grund.de\/wp\/index.php?rest_route=\/wp\/v2\/types\/page"}],"author":[{"embeddable":true,"href":"https:\/\/ifage-grund.de\/wp\/index.php?rest_route=\/wp\/v2\/users\/1"}],"replies":[{"embeddable":true,"href":"https:\/\/ifage-grund.de\/wp\/index.php?rest_route=%2Fwp%2Fv2%2Fcomments&post=470"}],"version-history":[{"count":5,"href":"https:\/\/ifage-grund.de\/wp\/index.php?rest_route=\/wp\/v2\/pages\/470\/revisions"}],"predecessor-version":[{"id":1222,"href":"https:\/\/ifage-grund.de\/wp\/index.php?rest_route=\/wp\/v2\/pages\/470\/revisions\/1222"}],"wp:attachment":[{"href":"https:\/\/ifage-grund.de\/wp\/index.php?rest_route=%2Fwp%2Fv2%2Fmedia&parent=470"}],"curies":[{"name":"wp","href":"https:\/\/api.w.org\/{rel}","templated":true}]}}