{"id":456,"date":"2017-09-20T09:36:11","date_gmt":"2017-09-20T09:36:11","guid":{"rendered":"http:\/\/ifage-grund.de\/wp\/?page_id=456"},"modified":"2022-11-25T11:45:29","modified_gmt":"2022-11-25T11:45:29","slug":"ausstellungsarchiv-14","status":"publish","type":"page","link":"https:\/\/ifage-grund.de\/wp\/?page_id=456","title":{"rendered":"Ausstellungsarchiv (14)"},"content":{"rendered":"<p><strong>Bildfindung &#8211; Reflexion: Bilder von Erika Gerber<\/strong><br \/>\nAusstellungszeitraum: 11.08.2016 &#8211; 03.01.2017<br \/>\n<a href=\"https:\/\/ifage-grund.de\/wp\/?page_id=400\">zur\u00fcck zur aktuellen Ausstellung<\/a><\/p>\n<p>Die in Wiesbaden lebende K\u00fcnstlerin Erika Gerber stellt im Glaspavillon der IFAGE einige Ihrer Werke aus. \u00dcber ihr k\u00fcnstlerisches Schaffen sagt sie selbst:<\/p>\n<p>&#8222;Meine&nbsp;Art der Malerei verlangt ein wiederkehrendes Loslassen der Lieblingsfl\u00e4chen zugunsten einer vielschichtigen, tiefgr\u00fcndigen Malerei. Die \u00dcbermalung von Fotografien und Collagen geben mir die Chance f\u00fcr Bilder, ohne die ich mit Altbew\u00e4hrtem nicht weiterkomme. Durch Loslassen vom alten Raum wird es frei f\u00fcr Neues. Es entsteht die Sch\u00f6nheit des Beil\u00e4ufigen.&#8220;<\/p>\n<p>ngg_shortcode_0_placeholderDie Ausstellung ist bis zum 03.01.2017 im Glaspavillon der IFAGE zu besichtigen.<br \/>\n\u00d6ffnungszeiten: t\u00e4glich von 8:00 &#8211; 18:00 Uhr (au\u00dfer Sonntags)<\/p>\n<p><a href=\"https:\/\/ifage-grund.de\/wp\/?page_id=400\">zur\u00fcck zur aktuellen Ausstellung<\/a><\/p>\n","protected":false},"excerpt":{"rendered":"<p>Bildfindung &#8211; Reflexion: Bilder von Erika Gerber Ausstellungszeitraum: 11.08.2016 &#8211; 03.01.2017 zur\u00fcck zur aktuellen Ausstellung Die in Wiesbaden lebende K\u00fcnstlerin Erika Gerber stellt im Glaspavillon der IFAGE einige Ihrer Werke aus. \u00dcber ihr k\u00fcnstlerisches Schaffen sagt sie selbst: &#8222;Meine&nbsp;Art der &hellip; <a href=\"https:\/\/ifage-grund.de\/wp\/?page_id=456\">Weiterlesen <span class=\"meta-nav\">&rarr;<\/span><\/a><\/p>\n","protected":false},"author":1,"featured_media":0,"parent":0,"menu_order":0,"comment_status":"closed","ping_status":"closed","template":"sidebar-page.php","meta":{"ngg_post_thumbnail":0,"footnotes":""},"class_list":["post-456","page","type-page","status-publish","hentry"],"_links":{"self":[{"href":"https:\/\/ifage-grund.de\/wp\/index.php?rest_route=\/wp\/v2\/pages\/456","targetHints":{"allow":["GET"]}}],"collection":[{"href":"https:\/\/ifage-grund.de\/wp\/index.php?rest_route=\/wp\/v2\/pages"}],"about":[{"href":"https:\/\/ifage-grund.de\/wp\/index.php?rest_route=\/wp\/v2\/types\/page"}],"author":[{"embeddable":true,"href":"https:\/\/ifage-grund.de\/wp\/index.php?rest_route=\/wp\/v2\/users\/1"}],"replies":[{"embeddable":true,"href":"https:\/\/ifage-grund.de\/wp\/index.php?rest_route=%2Fwp%2Fv2%2Fcomments&post=456"}],"version-history":[{"count":3,"href":"https:\/\/ifage-grund.de\/wp\/index.php?rest_route=\/wp\/v2\/pages\/456\/revisions"}],"predecessor-version":[{"id":1223,"href":"https:\/\/ifage-grund.de\/wp\/index.php?rest_route=\/wp\/v2\/pages\/456\/revisions\/1223"}],"wp:attachment":[{"href":"https:\/\/ifage-grund.de\/wp\/index.php?rest_route=%2Fwp%2Fv2%2Fmedia&parent=456"}],"curies":[{"name":"wp","href":"https:\/\/api.w.org\/{rel}","templated":true}]}}