{"id":440,"date":"2017-09-20T09:15:37","date_gmt":"2017-09-20T09:15:37","guid":{"rendered":"http:\/\/ifage-grund.de\/wp\/?page_id=440"},"modified":"2022-11-25T11:46:03","modified_gmt":"2022-11-25T11:46:03","slug":"ausstellungsarchiv-15","status":"publish","type":"page","link":"https:\/\/ifage-grund.de\/wp\/?page_id=440","title":{"rendered":"Ausstellungsarchiv (15)"},"content":{"rendered":"<p><strong>Ausstellung der Ateliergemeinschaft creARTiv<\/strong><br \/>\nAusstellungszeitraum: 12.01.2017 &#8211; 06.05.2017<br \/>\n<a href=\"https:\/\/ifage-grund.de\/wp\/?page_id=400\">zur\u00fcck zur aktuellen Ausstellung<\/a><\/p>\n<p>Die Ateliergemeinschaft creARTiv besteht aus 6 K\u00fcnstlern: Christiane Jekel, Edith Naumann, Gunhild Scharpff, Petra Vanscheidt, Monika Wehrheim und Gerd Henkler.<\/p>\n<p>Sie haben sich im Jahre 2000 in der ALTEN ZIEGELEI in Wiesbaden-Igstadt zusammengeschlossen und erwarben sich Ihre k\u00fcnstlerischen Kenntnisse unter der Leitung namhafter K\u00fcnstler und Professoren mit j\u00e4hrlicher Teilnahme u.a. in der Europ\u00e4ischen Kunst-Akademie Trier.<\/p>\n<p>Die k\u00fcnstlerischen Schwerpunkte sind ganz individuell und liegen in den Bereichen abstrakter Malerei, Collagen, Objekten, Fotografie und Grafik.<\/p>\n<p>ngg_shortcode_0_placeholderDie Ausstellung ist bis zum 06.05.2017 im Glaspavillon der IFAGE zu besichtigen.<br \/>\n\u00d6ffnungszeiten: Montag bis Freitag von 8:00-18:00 Uhr und Samstag von 8:00-13:00 Uhr<\/p>\n<p><a href=\"https:\/\/ifage-grund.de\/wp\/?page_id=400\">zur\u00fcck zur aktuellen Ausstellung<\/a><\/p>\n","protected":false},"excerpt":{"rendered":"<p>Ausstellung der Ateliergemeinschaft creARTiv Ausstellungszeitraum: 12.01.2017 &#8211; 06.05.2017 zur\u00fcck zur aktuellen Ausstellung Die Ateliergemeinschaft creARTiv besteht aus 6 K\u00fcnstlern: Christiane Jekel, Edith Naumann, Gunhild Scharpff, Petra Vanscheidt, Monika Wehrheim und Gerd Henkler. Sie haben sich im Jahre 2000 in der &hellip; <a href=\"https:\/\/ifage-grund.de\/wp\/?page_id=440\">Weiterlesen <span class=\"meta-nav\">&rarr;<\/span><\/a><\/p>\n","protected":false},"author":1,"featured_media":0,"parent":0,"menu_order":0,"comment_status":"closed","ping_status":"closed","template":"sidebar-page.php","meta":{"ngg_post_thumbnail":0,"footnotes":""},"class_list":["post-440","page","type-page","status-publish","hentry"],"_links":{"self":[{"href":"https:\/\/ifage-grund.de\/wp\/index.php?rest_route=\/wp\/v2\/pages\/440","targetHints":{"allow":["GET"]}}],"collection":[{"href":"https:\/\/ifage-grund.de\/wp\/index.php?rest_route=\/wp\/v2\/pages"}],"about":[{"href":"https:\/\/ifage-grund.de\/wp\/index.php?rest_route=\/wp\/v2\/types\/page"}],"author":[{"embeddable":true,"href":"https:\/\/ifage-grund.de\/wp\/index.php?rest_route=\/wp\/v2\/users\/1"}],"replies":[{"embeddable":true,"href":"https:\/\/ifage-grund.de\/wp\/index.php?rest_route=%2Fwp%2Fv2%2Fcomments&post=440"}],"version-history":[{"count":7,"href":"https:\/\/ifage-grund.de\/wp\/index.php?rest_route=\/wp\/v2\/pages\/440\/revisions"}],"predecessor-version":[{"id":1224,"href":"https:\/\/ifage-grund.de\/wp\/index.php?rest_route=\/wp\/v2\/pages\/440\/revisions\/1224"}],"wp:attachment":[{"href":"https:\/\/ifage-grund.de\/wp\/index.php?rest_route=%2Fwp%2Fv2%2Fmedia&parent=440"}],"curies":[{"name":"wp","href":"https:\/\/api.w.org\/{rel}","templated":true}]}}