{"id":416,"date":"2017-09-20T08:41:12","date_gmt":"2017-09-20T08:41:12","guid":{"rendered":"http:\/\/ifage-grund.de\/wp\/?page_id=416"},"modified":"2022-11-25T11:46:33","modified_gmt":"2022-11-25T11:46:33","slug":"ausstellungs-archiv-16","status":"publish","type":"page","link":"https:\/\/ifage-grund.de\/wp\/?page_id=416","title":{"rendered":"Ausstellungsarchiv (16)"},"content":{"rendered":"<p><strong>Phantase II: Ausstellung von Gisela und Simon Sch\u00e4fer<\/strong><br \/>\nAusstellungszeitraum: 11.05.2017 &#8211; 09.09.2017<br \/>\n<a href=\"https:\/\/ifage-grund.de\/wp\/?page_id=400\">zur\u00fcck zur aktuellen Ausstellung<\/a><\/p>\n<p>Phantase II ist die erste gemeinsame Ausstellung des Berliner K\u00fcnstlers Simon Sch\u00e4fer mit seiner Mutter, der Hochheimer K\u00fcnstlerin Gisela Sch\u00e4fer.<\/p>\n<p>ngg_shortcode_0_placeholderSimon Sch\u00e4fer hat nach seinem Abitur 1997 zun\u00e4chst Bildhauerei an der Hochschule f\u00fcr Gestaltung in Offenbach studiert, bevor er ein Masterstudium am Royal College of Art in London absolvierte. Seit 2014 lebt er in Berlin und ist mit verschiedenen Performances in ganz Europa unterwegs. Dabei kombiniert er Live-Musik mir visuellen Projektionen und theatralischen Elementen. Mit seinen skulpturalen Musikinstrumenten baut er Klangr\u00e4ume zwischen den Extremen. Zuletzt machte er im Herbst 2016 am Theater Toihaus in Salzburg Furore, wo er u.a. mit Cornelia B\u00f6hnisch die Tanzperformance \u201eFuge\/Fuge\u201c entwickelt und aufgef\u00fchrt hat. F\u00fcr die Ausstellung in der IFAGE nahm er sich im Laufe der letzten Jahre am Computer generierte Bilder vor, die er zu gro\u00dfformatigen Drucken gestalten lie\u00df. Speziell f\u00fcr diese Ausstellung geschaffene bildhauerische Exponate erg\u00e4nzen diese Werkschau, die freilich nur einen kleinen Ausschnitt aus dem Werk dieses Ausnahmek\u00fcnstlers zeigen k\u00f6nnen, der in keine Schublade herk\u00f6mmlicher Kunstkategorien passt.<\/p>\n<p>Wenn die am Computer erzeugten Bilder Simon Sch\u00e4fers sich dadurch auszeichnen, dass darin eine Vielzahl verschiedener visueller Dateien \u00fcberlagert, bearbeitet und neu zusammengestellt wurde, so stellt dies durchaus eine Parallele zu den Werken dar, die Gisela Sch\u00e4fer in den vergangenen Jahren geschaffen hat. Ihr k\u00fcnstlerischer Werdegang begann 1996 mit Portr\u00e4tzeichnen und f\u00fchrte \u00fcber verschiedene Stationen (Akt- und Landschaftsmalerei, Grundlagen der Zeichentechnik etc.) zun\u00e4chst zu einer ausgedehnten Phase, in der sie in der Tradition des abstrakten Expressionismus und Informel Acrylarbeiten erstellte, die von gro\u00dfer Farb- und Formendynamik gepr\u00e4gt waren. 2011 begann sie wieder verst\u00e4rkt zu zeichnen, insbesondere mit Metallfeder und Tusche; au\u00dferdem widmete sie sich experimentellen Arbeiten mit Dekalkomanien. In der Ausstellung Phantase II stellt sie Ergebnisse dieser letzten Entwicklungen vor. Gerade aus der kreativen Kombination von Malerei und Zeichnung kommen bei ihr immer wieder neue Ideen zum Tragen.<\/p>\n<p>So ist diese Ausstellung nur eine Momentaufnahme beider K\u00fcnstler, deren kreative Entwicklung noch lange nicht abgeschlossen sein wird und deren k\u00fcnstlerischer Dialog vielleicht noch ganz neue Fr\u00fcchte tragen kann.<br \/>\n<strong><br \/>\nZur Er\u00f6ffnung wird es ein kurzes Konzert der Gruppe ]Fuge[ geben.<\/strong><\/p>\n<p>Die Ausstellung ist bis zum 9. September 2017 im Glaspavillon der IFAGE zu besichtigen.<br \/>\n\u00d6ffnungszeiten: Montag bis Freitag von 8:00-18:00 Uhr und Samstag von 8:00-13:00 Uhr<\/p>\n<p><a href=\"https:\/\/ifage-grund.de\/wp\/?page_id=400\">zur\u00fcck zur aktuellen Ausstellung<\/a><\/p>\n<p>&nbsp;<\/p>\n<p>&nbsp;<\/p>\n","protected":false},"excerpt":{"rendered":"<p>Phantase II: Ausstellung von Gisela und Simon Sch\u00e4fer Ausstellungszeitraum: 11.05.2017 &#8211; 09.09.2017 zur\u00fcck zur aktuellen Ausstellung Phantase II ist die erste gemeinsame Ausstellung des Berliner K\u00fcnstlers Simon Sch\u00e4fer mit seiner Mutter, der Hochheimer K\u00fcnstlerin Gisela Sch\u00e4fer. Simon Sch\u00e4fer hat nach &hellip; <a href=\"https:\/\/ifage-grund.de\/wp\/?page_id=416\">Weiterlesen <span class=\"meta-nav\">&rarr;<\/span><\/a><\/p>\n","protected":false},"author":1,"featured_media":0,"parent":0,"menu_order":0,"comment_status":"closed","ping_status":"closed","template":"sidebar-page.php","meta":{"ngg_post_thumbnail":0,"footnotes":""},"class_list":["post-416","page","type-page","status-publish","hentry"],"_links":{"self":[{"href":"https:\/\/ifage-grund.de\/wp\/index.php?rest_route=\/wp\/v2\/pages\/416","targetHints":{"allow":["GET"]}}],"collection":[{"href":"https:\/\/ifage-grund.de\/wp\/index.php?rest_route=\/wp\/v2\/pages"}],"about":[{"href":"https:\/\/ifage-grund.de\/wp\/index.php?rest_route=\/wp\/v2\/types\/page"}],"author":[{"embeddable":true,"href":"https:\/\/ifage-grund.de\/wp\/index.php?rest_route=\/wp\/v2\/users\/1"}],"replies":[{"embeddable":true,"href":"https:\/\/ifage-grund.de\/wp\/index.php?rest_route=%2Fwp%2Fv2%2Fcomments&post=416"}],"version-history":[{"count":13,"href":"https:\/\/ifage-grund.de\/wp\/index.php?rest_route=\/wp\/v2\/pages\/416\/revisions"}],"predecessor-version":[{"id":1225,"href":"https:\/\/ifage-grund.de\/wp\/index.php?rest_route=\/wp\/v2\/pages\/416\/revisions\/1225"}],"wp:attachment":[{"href":"https:\/\/ifage-grund.de\/wp\/index.php?rest_route=%2Fwp%2Fv2%2Fmedia&parent=416"}],"curies":[{"name":"wp","href":"https:\/\/api.w.org\/{rel}","templated":true}]}}