{"id":400,"date":"2017-09-19T17:09:36","date_gmt":"2017-09-19T17:09:36","guid":{"rendered":"http:\/\/ifage-grund.de\/wp\/?page_id=400"},"modified":"2026-04-08T10:32:31","modified_gmt":"2026-04-08T10:32:31","slug":"aktuelle-ausstellung","status":"publish","type":"page","link":"https:\/\/ifage-grund.de\/wp\/?page_id=400","title":{"rendered":"aktuelle Ausstellung"},"content":{"rendered":"<p><strong>ATELIEReins \u2013 FIGURATIV!<br>\r\n<br><\/strong><\/p>\r\n<b>Ausstellung in der IFAGE<\/b>: 16. April bis 26. September 2026<br><\/p>\r\n\r\n<p>Die Ateliergemeinschaft <strong>ATELIEReins<\/strong> gr\u00fcndete sich im Januar 2022.\r\nSechs K\u00fcnstlerinnen und K\u00fcnstler auf der Suche nach neuem Arbeitsraum mieteten\r\neine Etage in der Rheingaustra\u00dfe 85b direkt an den Rheinwiesen. Seitdem entwickelte sich eine produktive und konstruktive Gemeinschaft.\r\nIm Oktober 2025 gab es einen Wechsel und Dr. Lisior kam dazu. Es f\u00e4llt auf, dass der Fokus bei allen auf fig\u00fcrlicher Malerei liegt. Der Mensch im Zentrum des k\u00fcnstlerischen Schaffens \u2013 aber auf sechs sehr unterschiedliche Herangehensweisen. Die Auseinandersetzung untereinander und mit anderen ist und bleibt spannend.<\/p>\r\n\r\n<p><strong>Patricia Sant`Ana Scheld<\/strong> ist Malerin, Kulturkuratorin, Buchillustratorin und Autorin. Sie ver\u00f6ffentlichte vor allen Dingen in Brasilien, aber auch in Deutschland, zahlreiche B\u00fccher. Vor neun Jahren gr\u00fcndete sie <strong>IllustraLabor<\/strong> in Wiesbaden, ein Zentrum der Begegnungen und vielf\u00e4ltigen Aktivit\u00e4ten, denen sie sich widmet. Im Museum Wiesbaden leitet sie einen Kunstclub f\u00fcr Jugendliche.<\/p>\r\n\r\n<p><strong>Mike Wosnitzka<\/strong> stellt durch die Kunst eine Verbindung zwischen pers\u00f6nlichen und gesellschaftlichen Themen her. Er nimmt in seinen Bildern stets Stellung zu den existenziellen Fragen des Menschseins. Dabei legt er einen besonderen Schwerpunkt auf das emotionale Erleben, das f\u00fcr ihn die Grundlage jeden Erlebens ist.<\/p>\r\n\r\n<p>Die Bilder von <strong>Anna Bieler<\/strong> erschaffen ein Universum mit himmlischen, irdischen oder ganz abstrakten Landschaften. In diesen befinden sich fantastische, tierische, menschliche Wesen und Naturelemente in einem vielf\u00e4ltigen Beziehungsgeflecht. Die Motive erinnern an Gl\u00fcck, Trauer, Liebe, an das eigene Verloren- oder Aufgehobensein in dieser Welt.<\/p>\r\n\r\n<p><strong>Bernd Schneider<\/strong> besch\u00e4ftigt sich spielerisch mit freiem Zeichnen und frei assoziierenden Texten im Bild. Thema ist immer der Mensch. F\u00fcr Ausstellungen erarbeitet er seriell ein Thema wie z.B. die Beziehung zwischen Mensch und Stuhl, auch in Form von Installationen. Dar\u00fcber hinaus performt er gerne live vor Ort auf Raufasertapete, in leer stehenden Geb\u00e4uden, Treppenh\u00e4usern oder auf der Stra\u00dfe.<\/p>\r\n\r\n<p>Mit figurativen Motiven m\u00f6chte <strong>Roman Mikos<\/strong> die Gef\u00fchle der Betrachtenden erreichen. Abstraktion dagegen soll die Phantasie, Vorstellungskraft und Kreativit\u00e4t anregen. Er setzt gesellschaftlich relevante Themen wie Gleichberechtigung, Toleranz und Flucht in eine Bildsprache um, die den Betrachtenden einen pers\u00f6nlichen Weg zum Thema erm\u00f6glichen sollen.<\/p>\r\n\r\n<p>Die Malerei von <strong>Dr. Lisior<\/strong> verbildlicht in poetischer, manchmal grotesker Weise Verg\u00e4nglichkeit und Zerbrechlichkeit von Objekten, Wesen, Personen \u2013 und damit einhergehend Gef\u00fchle von andauerndem Verlust. Die malerischen Mittel werden dann genutzt, um Fragen zu stellen, auf die es keine Antworten gibt, oder um Antworten auf die Fragen zu geben, die nie gestellt werden.<\/p>\r\n\r\n<strong>Webseiten und Kontakte der einzelnen Mitglieder:<\/strong><br>\r\n\r\nwww.illustralabor.com<br>                                                                                               \r\nillustralabor@gmail.com<br><br>\r\n\r\nbernd.zeichnet@web.de<br> \r\nwww.facebook.com\/bernd.schneider.129142 <br><br>\r\n\r\nwww.mike-wosnitzka.com <br>                                  \r\nkunst@einesicht.de    <br><br>                                           \r\n\r\nwww.annabieler.de  <br>                                              \r\nmail@annabieler.de    <br><br>                                           \r\n\r\nwww.roman-mikos.de<br> \r\ninfo@roman-mikos.de<br><br>\r\n\r\nwww.drlisior.de<br> \r\nkontakt@drlisior.de<br><br>\r\n\r\n<strong>Das ATELIEReins auf Instagram<\/strong><br>\r\n\r\nhttps:\/\/www.instagram.com\/atelier_eins_wiesbaden\/<br><br>\r\n\r\n\r\n<p><a href=\"https:\/\/ifage-grund.de\/wp\/wp-content\/uploads\/2025\/10\/Einladungskarte-06.11.2025.pdf\">Einladung zum Download<a\/><\/p>\r\n\r\n\r\nngg_shortcode_0_placeholder\r\n\r\n<p>Ausstellungsarchiv:\r\n\r\n<br><a href=\"https:\/\/ifage-grund.de\/wp\/?page_id=1418\">Rhythmus und Ruhe<\/a> &#8211; 6. November 2025 bis 28. M\u00e4rz 2026\r\n<br><a href=\"https:\/\/ifage-grund.de\/wp\/?page_id=1396\">Querschnitt \u2013 Ausstellung von Roman R. Eichhorn \u2013 \u201eGRAZIEN\u201c<\/a> &#8211; 9. Mai bis 28. Oktober 2025\r\n<br><a href=\"https:\/\/ifage-grund.de\/wp\/?page_id=1375\">Querschnitt &#8211; K\u00fcnstlerisches Wirken von Rolf D. Ziegler<\/a> &#8211; 14. November bis M\u00e4rz 2025\r\n<br><a href=\"https:\/\/ifage-grund.de\/wp\/?page_id=1360\">FACETTEN MEINES LEBENS &#8211; Werke von Heidrun Beitze<\/a> &#8211; 04.06 bis 15.10.2024\r\n<br><a href=\"https:\/\/ifage-grund.de\/wp\/?page_id=1343\">SUSAN GEEL \u2013 Skulpturen \/ Hildegard M\u00fcller \u2013 Bilder<\/a> &#8211; 22.02 bis 15.06 2024\r\n<br><a href=\"https:\/\/ifage-grund.de\/wp\/?page_id=1314\">Ausstellung des Nicolaus Werner<\/a> &#8211; 05.10. -31.01.2024\r\n<br><a href=\"https:\/\/ifage-grund.de\/wp\/?page_id=1298\">Ausstellung des K\u00fcnstlers Roman Mikos<\/a> &#8211; 06.07. -23.09.2023\r\n<br><a href=\"https:\/\/ifage-grund.de\/wp\/?page_id=1283\">Ausstellung der K\u00fcnstler Gerda D\u00f6hler und Werner Eberle<\/a> &#8211; 02.03.23 &#8211; 24.06.23\r\n<br><a href=\"https:\/\/ifage-grund.de\/wp\/?page_id=1252\">Ausstellung der K\u00fcnstlerin Gisela Sch\u00e4fer<\/a> &#8211; 20.10.2022 &#8211; 15.02.2023<br><a href=\"https:\/\/ifage-grund.de\/wp\/?page_id=963\">Ausstellung von N.Tannreuther&nbsp; G. Wernicke<\/a> &#8211; 24.03.2022 &#8211; 30.09.2022<br><a href=\"https:\/\/ifage-grund.de\/wp\/?page_id=929\">Ausstellung des K\u00fcnstlers Bernd Brach<\/a> &#8211; 16.09.2021 &#8211; 28.02.2022<br><a href=\"https:\/\/ifage-grund.de\/wp\/?page_id=901\">Ausstellung der K\u00fcnstlerin Florence Solvay<\/a> &#8211; 11.03.2021 &#8211; 02.09.2021<strong><br><\/strong><a href=\"https:\/\/ifage-grund.de\/wp\/?page_id=880\">Ausstellung der Fotografen &#8222;die spiegellosen&#8220;<\/a> &#8211; 24.09.2020 &#8211; 26.02.2021<br><a href=\"https:\/\/ifage-grund.de\/wp\/?page_id=851\">Ausstellung der K\u00fcnstlerin Elli Weishaupt<\/a> &#8211; 23.04.2020 &#8211; 11.09.2020<br><a href=\"https:\/\/ifage-grund.de\/wp\/?page_id=822\">Ausstellung des K\u00fcnstlers J\u00f6rg Stein<\/a> &#8211; 07.11.2019 &#8211; 15.04.2020<br><a href=\"https:\/\/ifage-grund.de\/wp\/?page_id=797\">Ausstellung des K\u00fcnstlers Hjalmar Thelen<\/a> &#8211; 18.07.2019 &#8211; 31.10.2019<br><a href=\"https:\/\/ifage-grund.de\/wp\/?page_id=770\">Ausstellung der K\u00fcnstler Mikos und Mienert<\/a> &#8211; 14.02.2019 &#8211; 15.06.2019<br><a href=\"https:\/\/ifage-grund.de\/wp\/?page_id=756\">Ausstellung der K\u00fcnstlerin Wiebke Knabe<\/a> &#8211; 06.09.2018 &#8211; 31.01.2019<br><a href=\"https:\/\/ifage-grund.de\/wp\/?page_id=734preview=true\">Ausstellung der K\u00fcnstlergruppe Atelier Eichhorn<\/a> &#8211; 07.06.2018 &#8211; 31.08.2018<br><a href=\"https:\/\/ifage-grund.de\/wp\/?page_id=699preview=true\">Ausstellung der K\u00fcnstlerin Eva Raabe-Lindenblatt<\/a> &#8211; 01.02.2018 &#8211; 25.05.2018<br><a href=\"https:\/\/ifage-grund.de\/wp\/?page_id=647preview=true\">Ausstellung der K\u00fcnstlerin D\u00f6rte Kunte<\/a> &#8211; 14.09.2017 &#8211; 19.01.2018<a href=\"https:\/\/ifage-grund.de\/wp\/?page_id=416&amp;preview=true\"><br>Ausstellung von Gisela und Simon Sch\u00e4fer<\/a> &#8211; 11.05.2017 &#8211; 09.09.2017<br><a href=\"https:\/\/ifage-grund.de\/wp\/?page_id=440&amp;preview=true\">Ausstellung der Ateliergemeinschaft creARTiv<\/a> &#8211; 21.01.2017 &#8211; 06.05.2017<br><a href=\"https:\/\/ifage-grund.de\/wp\/?page_id=456&amp;preview=true\">Ausstellung der K\u00fcnstlerin Erika Gerber<\/a> &#8211; 11.08.2016 &#8211; 03.01.2017<br><a href=\"https:\/\/ifage-grund.de\/wp\/?page_id=470&amp;preview=true\">Ausstellung von B. H\u00fcnemohr und M. Kosa<\/a> &#8211; 14.04.2016 &#8211; 30.07.2016<br><a href=\"https:\/\/ifage-grund.de\/wp\/?page_id=481&amp;preview=true\">Ausstellung der K\u00fcnstlerin Andrea Kemmesies<\/a> &#8211; 20.11.2015 &#8211; 09.04.2016<br><a href=\"https:\/\/ifage-grund.de\/wp\/?page_id=495&amp;preview=true\">Ausstellung des K\u00fcnstlers Rainer Mienert<\/a> &#8211; 11.06.2015 &#8211; 02.11.2015<br><a href=\"https:\/\/ifage-grund.de\/wp\/?page_id=508&amp;preview=true\">Ausstellung des K\u00fcnstlers Roman Mikos<\/a> &#8211; 15.01.2015 &#8211; 31.05.2015<br><a href=\"https:\/\/ifage-grund.de\/wp\/?page_id=518&amp;preview=true\">Ausstellung der K\u00fcnstlerin Sitta Derstroff<\/a> &#8211; 11.09.2014 &#8211; 31.12.2014<br><a href=\"https:\/\/ifage-grund.de\/wp\/?page_id=528&amp;preview=true\">Ausstellung der K\u00fcnstlergruppe &#8222;ICH UND WIR&#8220;<\/a> &#8211; 10.04.2014 &#8211; 01.09.2014<br><a href=\"https:\/\/ifage-grund.de\/wp\/?page_id=540&amp;preview=true\">Ausstellung des K\u00fcnstlers Wilfried M\u00f6ring<\/a> &#8211; 21.11.2013 &#8211; 31.03.2014<br><a href=\"https:\/\/ifage-grund.de\/wp\/?page_id=550&amp;preview=true\">Ausstellung der K\u00fcnstlerin Doris Tofall<\/a> &#8211; 10.06.2013 &#8211; 07.11.2013<br><a href=\"https:\/\/ifage-grund.de\/wp\/?page_id=558&amp;preview=true\">Ausstellung des K\u00fcnstlers Theo Kemen<\/a> &#8211; 07.03.2013 &#8211; 31.05.2013<br><a href=\"https:\/\/ifage-grund.de\/wp\/?page_id=566&amp;preview=true\">Ausstellung des K\u00fcnstlers Jean-Sergiu Capota<\/a> &#8211; 06.09.2012 &#8211; 28.02.2013<br><a href=\"https:\/\/ifage-grund.de\/wp\/?page_id=578&amp;preview=true\">Die magische Welt der Kinder<\/a> &#8211; 01.04.2012 &#8211; 01.09.2012<br><a href=\"https:\/\/ifage-grund.de\/wp\/?page_id=586&amp;preview=true\">Ausstellung der K\u00fcnstlergruppe Kunstsplitter<\/a> &#8211; 17.11.2011 &#8211; 31.03.2012<br><a href=\"https:\/\/ifage-grund.de\/wp\/?page_id=594&amp;preview=true\">Ausstellung des Fotok\u00fcnstlers Albert L. Haubner<\/a> &#8211; 17.07.2011 &#8211; 16.11..2011<\/p>\r\n\r\n<p>&nbsp;<\/p>\r\n","protected":false},"excerpt":{"rendered":"<p>ATELIEReins \u2013 FIGURATIV! Ausstellung in der IFAGE: 16. April bis 26. September 2026 Die Ateliergemeinschaft ATELIEReins gr\u00fcndete sich im Januar 2022. Sechs K\u00fcnstlerinnen und K\u00fcnstler auf der Suche nach neuem Arbeitsraum mieteten eine Etage in der Rheingaustra\u00dfe 85b direkt an &hellip; <a href=\"https:\/\/ifage-grund.de\/wp\/?page_id=400\">Weiterlesen <span class=\"meta-nav\">&rarr;<\/span><\/a><\/p>\n","protected":false},"author":1,"featured_media":0,"parent":0,"menu_order":0,"comment_status":"closed","ping_status":"closed","template":"sidebar-page.php","meta":{"ngg_post_thumbnail":0,"footnotes":""},"class_list":["post-400","page","type-page","status-publish","hentry"],"_links":{"self":[{"href":"https:\/\/ifage-grund.de\/wp\/index.php?rest_route=\/wp\/v2\/pages\/400","targetHints":{"allow":["GET"]}}],"collection":[{"href":"https:\/\/ifage-grund.de\/wp\/index.php?rest_route=\/wp\/v2\/pages"}],"about":[{"href":"https:\/\/ifage-grund.de\/wp\/index.php?rest_route=\/wp\/v2\/types\/page"}],"author":[{"embeddable":true,"href":"https:\/\/ifage-grund.de\/wp\/index.php?rest_route=\/wp\/v2\/users\/1"}],"replies":[{"embeddable":true,"href":"https:\/\/ifage-grund.de\/wp\/index.php?rest_route=%2Fwp%2Fv2%2Fcomments&post=400"}],"version-history":[{"count":176,"href":"https:\/\/ifage-grund.de\/wp\/index.php?rest_route=\/wp\/v2\/pages\/400\/revisions"}],"predecessor-version":[{"id":1435,"href":"https:\/\/ifage-grund.de\/wp\/index.php?rest_route=\/wp\/v2\/pages\/400\/revisions\/1435"}],"wp:attachment":[{"href":"https:\/\/ifage-grund.de\/wp\/index.php?rest_route=%2Fwp%2Fv2%2Fmedia&parent=400"}],"curies":[{"name":"wp","href":"https:\/\/api.w.org\/{rel}","templated":true}]}}