{"id":388,"date":"2017-09-18T15:15:32","date_gmt":"2017-09-18T15:15:32","guid":{"rendered":"http:\/\/ifage-grund.de\/wp\/?page_id=388"},"modified":"2022-11-24T16:06:08","modified_gmt":"2022-11-24T16:06:08","slug":"anfahrt","status":"publish","type":"page","link":"https:\/\/ifage-grund.de\/wp\/?page_id=388","title":{"rendered":"Anfahrt"},"content":{"rendered":"<p class=\"anfahrt\">Aus der Stadtmitte kommend fahren Sie die Platter Stra\u00dfe stadtausw\u00e4rts Richtung Platte\/Taunusstein. Biegen Sie in H\u00f6he Nordfriedhof links ab in die Stra\u00dfe &#8222;Unter den Eichen&#8220;, die Einfahrt zum IFAGE-Gel\u00e4nde befindet sich direkt in der folgenden Rechtskurve auf der rechten Seite. Die IFAGE-Verwaltung befindet sich in Haus F, 5.Stock.<\/p>\n<p>Geodaten f\u00fcr Ihr Navigationsger\u00e4t: 50.09559 \/ 8.21473<\/p>\n<p>Adresse:<br \/>\nIFAGE Grundst\u00fccksverwaltungs GmbH<br \/>\nUnter den Eichen 7<br \/>\n65195 Wiesbaden<\/p>\n","protected":false},"excerpt":{"rendered":"<p>Aus der Stadtmitte kommend fahren Sie die Platter Stra\u00dfe stadtausw\u00e4rts Richtung Platte\/Taunusstein. Biegen Sie in H\u00f6he Nordfriedhof links ab in die Stra\u00dfe &#8222;Unter den Eichen&#8220;, die Einfahrt zum IFAGE-Gel\u00e4nde befindet sich direkt in der folgenden Rechtskurve auf der rechten Seite. &hellip; <a href=\"https:\/\/ifage-grund.de\/wp\/?page_id=388\">Weiterlesen <span class=\"meta-nav\">&rarr;<\/span><\/a><\/p>\n","protected":false},"author":1,"featured_media":0,"parent":0,"menu_order":0,"comment_status":"closed","ping_status":"closed","template":"sidebar-page.php","meta":{"ngg_post_thumbnail":0,"footnotes":""},"class_list":["post-388","page","type-page","status-publish","hentry"],"_links":{"self":[{"href":"https:\/\/ifage-grund.de\/wp\/index.php?rest_route=\/wp\/v2\/pages\/388","targetHints":{"allow":["GET"]}}],"collection":[{"href":"https:\/\/ifage-grund.de\/wp\/index.php?rest_route=\/wp\/v2\/pages"}],"about":[{"href":"https:\/\/ifage-grund.de\/wp\/index.php?rest_route=\/wp\/v2\/types\/page"}],"author":[{"embeddable":true,"href":"https:\/\/ifage-grund.de\/wp\/index.php?rest_route=\/wp\/v2\/users\/1"}],"replies":[{"embeddable":true,"href":"https:\/\/ifage-grund.de\/wp\/index.php?rest_route=%2Fwp%2Fv2%2Fcomments&post=388"}],"version-history":[{"count":4,"href":"https:\/\/ifage-grund.de\/wp\/index.php?rest_route=\/wp\/v2\/pages\/388\/revisions"}],"predecessor-version":[{"id":987,"href":"https:\/\/ifage-grund.de\/wp\/index.php?rest_route=\/wp\/v2\/pages\/388\/revisions\/987"}],"wp:attachment":[{"href":"https:\/\/ifage-grund.de\/wp\/index.php?rest_route=%2Fwp%2Fv2%2Fmedia&parent=388"}],"curies":[{"name":"wp","href":"https:\/\/api.w.org\/{rel}","templated":true}]}}