{"id":365,"date":"2017-09-13T17:49:26","date_gmt":"2017-09-13T17:49:26","guid":{"rendered":"http:\/\/ifage-grund.de\/wp\/?page_id=365"},"modified":"2021-01-07T10:37:29","modified_gmt":"2021-01-07T10:37:29","slug":"freie-bueroraeume","status":"publish","type":"page","link":"https:\/\/ifage-grund.de\/wp\/","title":{"rendered":"freie B\u00fcror\u00e4ume"},"content":{"rendered":"<p>Aktuell sind keine freien B\u00fcror\u00e4ume zu vermieten.<\/p>\n<div><\/div>\n<p>Ihr Ansprechpartner f\u00fcr n\u00e4here Informationen und Konditionen:<\/p>\n<p>Herr Christoph Eiser<br \/>\nIFAGE-Grundst\u00fccksverwaltungs GmbH<br \/>\nUnter den Eichen 7<br \/>\n65195 Wiesbaden<br \/>\nTel. +49 (0)611 &#8211; 17 47 041<br \/>\nFax +49 (0)611 &#8211; 17 47 101<br \/>\nE-Mail:<a title=\"Email: info at christoph-eiser.de?subject=Anfrage\" href=\"mailto:info@christoph-eiser.de\"> info(at)christoph-eiser.de<\/a><\/p>\n","protected":false},"excerpt":{"rendered":"<p>Aktuell sind keine freien B\u00fcror\u00e4ume zu vermieten. Ihr Ansprechpartner f\u00fcr n\u00e4here Informationen und Konditionen: Herr Christoph Eiser IFAGE-Grundst\u00fccksverwaltungs GmbH Unter den Eichen 7 65195 Wiesbaden Tel. +49 (0)611 &#8211; 17 47 041 Fax +49 (0)611 &#8211; 17 47 101 E-Mail: &hellip; <a href=\"https:\/\/ifage-grund.de\/wp\/\">Weiterlesen <span class=\"meta-nav\">&rarr;<\/span><\/a><\/p>\n","protected":false},"author":1,"featured_media":0,"parent":0,"menu_order":0,"comment_status":"closed","ping_status":"closed","template":"sidebar-page.php","meta":{"ngg_post_thumbnail":0,"footnotes":""},"class_list":["post-365","page","type-page","status-publish","hentry"],"_links":{"self":[{"href":"https:\/\/ifage-grund.de\/wp\/index.php?rest_route=\/wp\/v2\/pages\/365","targetHints":{"allow":["GET"]}}],"collection":[{"href":"https:\/\/ifage-grund.de\/wp\/index.php?rest_route=\/wp\/v2\/pages"}],"about":[{"href":"https:\/\/ifage-grund.de\/wp\/index.php?rest_route=\/wp\/v2\/types\/page"}],"author":[{"embeddable":true,"href":"https:\/\/ifage-grund.de\/wp\/index.php?rest_route=\/wp\/v2\/users\/1"}],"replies":[{"embeddable":true,"href":"https:\/\/ifage-grund.de\/wp\/index.php?rest_route=%2Fwp%2Fv2%2Fcomments&post=365"}],"version-history":[{"count":22,"href":"https:\/\/ifage-grund.de\/wp\/index.php?rest_route=\/wp\/v2\/pages\/365\/revisions"}],"predecessor-version":[{"id":877,"href":"https:\/\/ifage-grund.de\/wp\/index.php?rest_route=\/wp\/v2\/pages\/365\/revisions\/877"}],"wp:attachment":[{"href":"https:\/\/ifage-grund.de\/wp\/index.php?rest_route=%2Fwp%2Fv2%2Fmedia&parent=365"}],"curies":[{"name":"wp","href":"https:\/\/api.w.org\/{rel}","templated":true}]}}