{"id":283,"date":"2017-09-08T13:32:24","date_gmt":"2017-09-08T13:32:24","guid":{"rendered":"http:\/\/ifage-grund.de\/wp\/?page_id=283"},"modified":"2022-11-25T12:04:49","modified_gmt":"2022-11-25T12:04:49","slug":"bueroraeume","status":"publish","type":"page","link":"https:\/\/ifage-grund.de\/wp\/?page_id=283","title":{"rendered":"B\u00fcror\u00e4ume"},"content":{"rendered":"<div class=\"image-with-text\">\n<div class=\"articleText\">\n<p>Unsere B\u00fcror\u00e4ume bzw. B\u00fcroetagen sind mit Internet und Telefonanschl\u00fcssen,Teppichboden und Jalousien ausgestattet. WC-Anlagen und K\u00fcche stehen f\u00fcr gemeinschaftliche Nutzung zur Verf\u00fcgung. \u00dcberzeugen auch Sie sich von der Ruhe, dem Ausblick ins Gr\u00fcne und der Wohlf\u00fchlatmosh\u00e4re in den R\u00e4umlichkeiten der IFAGE Grundst\u00fccksverwaltungs GmbH!<\/p>\n<h2>Ihre Vorteile im \u00dcberblick<\/h2>\n<ul>\n<li>Helle B\u00fcrofl\u00e4chen, individuell aufteilbar<\/li>\n<li>Individuelle Anmietdauer<\/li>\n<li>Hausmeister vor Ort<\/li>\n<li>Bistro im Geb\u00e4ude<\/li>\n<li>Postagentur im Geb\u00e4ude<\/li>\n<li>ausreichend Parkpl\u00e4tze in direktem Umfeld<\/li>\n<li>\u00f6ffentliche Verkehrsmittel in unmittelbarer N\u00e4he<\/li>\n<li>2 Kinderg\u00e4rten in der Nachbarschaft<\/li>\n<li>g\u00fcnstige Lagerfl\u00e4chen im Keller<\/li>\n<li>im Gr\u00fcnen und dennoch Zentrumsnah<\/li>\n<\/ul>\nngg_shortcode_0_placeholder<\/div>\n<\/div>\n<div class=\"spaceBeforeCP\">&nbsp;<\/div>\n<div id=\"images196\" class=\"images\">&nbsp;<\/div>\n","protected":false},"excerpt":{"rendered":"<p>Unsere B\u00fcror\u00e4ume bzw. B\u00fcroetagen sind mit Internet und Telefonanschl\u00fcssen,Teppichboden und Jalousien ausgestattet. WC-Anlagen und K\u00fcche stehen f\u00fcr gemeinschaftliche Nutzung zur Verf\u00fcgung. \u00dcberzeugen auch Sie sich von der Ruhe, dem Ausblick ins Gr\u00fcne und der Wohlf\u00fchlatmosh\u00e4re in den R\u00e4umlichkeiten der IFAGE &hellip; <a href=\"https:\/\/ifage-grund.de\/wp\/?page_id=283\">Weiterlesen <span class=\"meta-nav\">&rarr;<\/span><\/a><\/p>\n","protected":false},"author":1,"featured_media":0,"parent":0,"menu_order":0,"comment_status":"closed","ping_status":"closed","template":"sidebar-page.php","meta":{"ngg_post_thumbnail":0,"footnotes":""},"class_list":["post-283","page","type-page","status-publish","hentry"],"_links":{"self":[{"href":"https:\/\/ifage-grund.de\/wp\/index.php?rest_route=\/wp\/v2\/pages\/283","targetHints":{"allow":["GET"]}}],"collection":[{"href":"https:\/\/ifage-grund.de\/wp\/index.php?rest_route=\/wp\/v2\/pages"}],"about":[{"href":"https:\/\/ifage-grund.de\/wp\/index.php?rest_route=\/wp\/v2\/types\/page"}],"author":[{"embeddable":true,"href":"https:\/\/ifage-grund.de\/wp\/index.php?rest_route=\/wp\/v2\/users\/1"}],"replies":[{"embeddable":true,"href":"https:\/\/ifage-grund.de\/wp\/index.php?rest_route=%2Fwp%2Fv2%2Fcomments&post=283"}],"version-history":[{"count":7,"href":"https:\/\/ifage-grund.de\/wp\/index.php?rest_route=\/wp\/v2\/pages\/283\/revisions"}],"predecessor-version":[{"id":1248,"href":"https:\/\/ifage-grund.de\/wp\/index.php?rest_route=\/wp\/v2\/pages\/283\/revisions\/1248"}],"wp:attachment":[{"href":"https:\/\/ifage-grund.de\/wp\/index.php?rest_route=%2Fwp%2Fv2%2Fmedia&parent=283"}],"curies":[{"name":"wp","href":"https:\/\/api.w.org\/{rel}","templated":true}]}}