{"id":1343,"date":"2024-07-01T15:14:28","date_gmt":"2024-07-01T15:14:28","guid":{"rendered":"https:\/\/ifage-grund.de\/wp\/?page_id=1343"},"modified":"2024-07-01T15:14:28","modified_gmt":"2024-07-01T15:14:28","slug":"ausstellungsarchiv-34","status":"publish","type":"page","link":"https:\/\/ifage-grund.de\/wp\/?page_id=1343","title":{"rendered":"Ausstellungsarchiv (34)"},"content":{"rendered":"<p><strong>SUSAN GEEL &#8211; Skulpturen \/ Hildegard M\u00fcller &#8211; Bilder\r\n<br><\/strong><\/p>\r\n<p>Vernissage am 22. Februar 2024, 18.00 Uhr<br><\/p><b>Einf\u00fchrung:<\/b> Vernissage am 22. Februar 2024, 18.00 Uhr<br>\r\n<b>Kuratorin der Ausstellung:<\/b> Angelika Stoesser<br>\r\n<b>Ausstellung in der IFAGE<\/b>: 22. Februar bis 15. Juni 2024<br><\/p>\r\n<p>\r\nAm 22. Februar um 18:00 Uhr l\u00e4dt die Galerie der IFAGE Wiesbaden wieder zu einer neuen Ausstellung ein. Dieses Mal stellen bis zum 15. Juni 2024 gleich zwei K\u00fcnstlerinnen aus: Susan Geel mit Skulpturen und Hildegard M\u00fcller, die unter dem Namen Hilkka MYY arbeitet, mit Bildern. Beide betreiben auch seit Januar 2020 die Atelier- und Galeriegemeinschaft SmitH-ART in Mainz.<br>\r\n\r\n<br>Die Schweizer Bildhauerin Susan Geel war Mitglied der K\u00fcnstlerinnengruppe \u00bbDie Sieben\u00ab, die 2002 den Kulturf\u00f6rderpreis der Stadt Bingen erhielt. 2007\/08 war sie Mitinitiatorin von \u00bbSkulpturen bei 529 Bingen am Rhein\u00ab zur Landesgartenschau. Viele Jahre war sie eine der Atelierleiterinnen in der Eberhard &#038; Barbara Linke Stiftung.<br>\r\n\r\n<br>Susan Geel befasst sich in ihrer k\u00fcnstlerischen Arbeit vorwiegend mit der menschlichen Figur, die sie in Ton \u2013 mal realistisch, mal mehr verfremdet \u2013 dreidimensional darstellt. Susann Geel: \u00bbMich fasziniert der Umgang mit dem nat\u00fcrlichen Material Erde und dem Element Feuer. Die Bearbeitung des Tons mit den H\u00e4nden und einfachem Werkzeug erm\u00f6glicht den unmittelbaren Kontakt zur entstehenden Skulptur. Meine Skulpturen spiegeln in ihrer eigenen Fig\u00fcrlichkeit f\u00fchlbare, in der Realit\u00e4t nicht sichtbare Eigenschaften des Menschen.\u00ab Ihre Skulpturen er\u00f6ffnen so neue Blickwinkel \u2013 auch auf uns selbst.<br>\r\n\r\n<br>Ihre komplexe Technik des Hohlaufbaus erlaubt w\u00e4hrend des Entstehungsprozesses permanente Ver\u00e4nderungen der Gestalt. \u00bbWichtig ist mir die Struktur der Oberfl\u00e4che, um den Zusammenhang zwischen \u00e4u\u00dferer Form und Ausdruck der Figur herzustellen,\u00ab beschreibt Susan Geel ihre Intention. Das Licht spielt dabei eine gro\u00dfe Rolle, indem je nach Lichteinfall \u2013 gerade durch eine grobe Oberfl\u00e4chenstruktur \u2013 unterschiedliche Ausdr\u00fccke der fertigen Skulptur und Eindr\u00fccke beim Betrachten entstehen.<br>\r\n\r\n<br>Hilkka Myy arbeitet seit vielen Jahren \u2013 unter ihrem b\u00fcrgerlichen Namen Hildegard M\u00fcller \u2013 erfolgreich als Illustratorin, Autorin und  Grafikdesignerin. Dabei intensiviert sie zunehmend ihre Arbeit in der freien Malerei. Bekannt ist sie durch ihre k\u00fcnstlerischen Bilderb\u00fccher, die mehrfach ausgezeichnet wurden. Ihre Bilderb\u00fccher \u2013 und die von ihr illustrierten B\u00fccher \u2013 sind in zahlreiche Sprachen \u00fcbersetzt und in rund 20 L\u00e4ndern erschienen, so zum Beispiel in den USA, in Japan, Russland, Frankreich, oder England.<br>\r\n\r\n<br>Die Arbeitsmittel von Hilkka Myy sind Papier, Leinwand und Kreiden, genauso wie das Digitale. Gefragt nach Ihren Themen antwortet sie: \u00bbMeine Themen in der freien Kunst bewegen sich zwischen Aufruhr, Unruhe und Kontemplation. Bei meiner Arbeit stehe ich immer unter dem Einfluss der Ereignisse, die um mich herum geschehen, dem was ich im \u00bbnormalen\u00ab Leben sehe und erlebe, was mich bewegt und betrifft: Leid, Zerissenheit, Wut, \u2026 . Freude, Humor, Befremdliches, Irritierendes \u2026 Das Meditative und die Poesie, das Kontemplative geh\u00f6ren dazu und sind ein wesentlicher Teil. Dieser Bereich bildet auch den Schwerpunkt der aktuellen Ausstellung in der IFAGE.\u00ab<br>\r\n\r\n<br>Ihre Bilder bleiben nicht bei dem rein \u00e4sthetisch Formalen stehen, sie experimentiert und erfindet Neues: Neue Blickwinkel auf Gewohntes l\u00f6sen einen sch\u00f6pferischen Prozess der Betrachtung aus und erweitern den Blick auf Menschen, Umwelt und Gef\u00fchle. Zu sehen sind keine reinen Abbilder der Realit\u00e4t. Der Betrachter soll Fragen stellen, \u00fcberdenken, \u00bbAllt\u00e4gliches\u00ab neu sehen. Gegenst\u00e4nde und Personen werden so in eine andere Perspektive gesetzt.<br>\r\n\r\n<br>Myy: \u00bbMeine Werke lassen mehrere Lesarten zu. Ich m\u00f6chte Assoziationen in Gang setzen. Manchmal sind Dinge nur angedeutet und vermeintlich unvollst\u00e4ndig, oder sprengen den Rahmen, gehen gedacht \u00fcber die Leinwand hinaus und regen an, das Weggelassene mit eigener Vorstellung zu erg\u00e4nzen.\u00ab Der Betrachter wird so Teil des kreativen Aktes und an ihm beteiligt. Ihre Werke in der IFAGE er\u00f6ffnen damit einen Prozess voller Neugier und \u00dcberraschungen und brechen oft mit Vertrautem hinsichtlich bestimmter Darstellungsformen.<br>\r\n\r\n<br>Die Ausstellung Susan Geel mit Skulpturen und Hilkka MYY mit Bildern findet statt vom 22. Februar bis 15. Juni 2024 in der IFAGE, Unter den Eichen 7 in Wiesbaden. Sie ist ge\u00f6ffnet Montag bis Freitag von 8:00 bis 18:00 Uhr, Samstag von 8:00 bis 13:00 Uhr. <br>\r\n<\/p>\r\n\r\n<p>Mehr Informationen: www.ifage-grund.de, www.susangeel.de, www.hilkka-myy.de <\/p>\r\n\r\n<p><a href=\"https:\/\/ifage-grund.de\/wp\/wp-content\/uploads\/2024\/02\/IFAGE-Geel-Mueller.pdf\">Brosch\u00fcre zum Download<a\/><\/p>\r\n\r\n\r\nngg_shortcode_0_placeholder\r\n\r\n<p>Ausstellungsarchiv:\r\n\r\n<br><a href=\"https:\/\/ifage-grund.de\/wp\/?page_id=1314\">Ausstellung des Nicolaus Werner<\/a> &#8211; 05.10. -31.01.2024\r\n<br><a href=\"https:\/\/ifage-grund.de\/wp\/?page_id=1298\">Ausstellung des K\u00fcnstlers Roman Mikos<\/a> &#8211; 06.07. -23.09.2023\r\n<br><a href=\"https:\/\/ifage-grund.de\/wp\/?page_id=1283\">Ausstellung der K\u00fcnstler Gerda D\u00f6hler und Werner Eberle<\/a> &#8211; 02.03.23 &#8211; 24.06.23\r\n<br><a href=\"https:\/\/ifage-grund.de\/wp\/?page_id=1252\">Ausstellung der K\u00fcnstlerin Gisela Sch\u00e4fer<\/a> &#8211; 20.10.2022 &#8211; 15.02.2023<br><a href=\"https:\/\/ifage-grund.de\/wp\/?page_id=963\">Ausstellung von N.Tannreuther&nbsp; G. Wernicke<\/a> &#8211; 24.03.2022 &#8211; 30.09.2022<br><a href=\"https:\/\/ifage-grund.de\/wp\/?page_id=929\">Ausstellung des K\u00fcnstlers Bernd Brach<\/a> &#8211; 16.09.2021 &#8211; 28.02.2022<br><a href=\"https:\/\/ifage-grund.de\/wp\/?page_id=901\">Ausstellung der K\u00fcnstlerin Florence Solvay<\/a> &#8211; 11.03.2021 &#8211; 02.09.2021<strong><br><\/strong><a href=\"https:\/\/ifage-grund.de\/wp\/?page_id=880\">Ausstellung der Fotografen &#8222;die spiegellosen&#8220;<\/a> &#8211; 24.09.2020 &#8211; 26.02.2021<br><a href=\"https:\/\/ifage-grund.de\/wp\/?page_id=851\">Ausstellung der K\u00fcnstlerin Elli Weishaupt<\/a> &#8211; 23.04.2020 &#8211; 11.09.2020<br><a href=\"https:\/\/ifage-grund.de\/wp\/?page_id=822\">Ausstellung des K\u00fcnstlers J\u00f6rg Stein<\/a> &#8211; 07.11.2019 &#8211; 15.04.2020<br><a href=\"https:\/\/ifage-grund.de\/wp\/?page_id=797\">Ausstellung des K\u00fcnstlers Hjalmar Thelen<\/a> &#8211; 18.07.2019 &#8211; 31.10.2019<br><a href=\"https:\/\/ifage-grund.de\/wp\/?page_id=770\">Ausstellung der K\u00fcnstler Mikos und Mienert<\/a> &#8211; 14.02.2019 &#8211; 15.06.2019<br><a href=\"https:\/\/ifage-grund.de\/wp\/?page_id=756\">Ausstellung der K\u00fcnstlerin Wiebke Knabe<\/a> &#8211; 06.09.2018 &#8211; 31.01.2019<br><a href=\"https:\/\/ifage-grund.de\/wp\/?page_id=734preview=true\">Ausstellung der K\u00fcnstlergruppe Atelier Eichhorn<\/a> &#8211; 07.06.2018 &#8211; 31.08.2018<br><a href=\"https:\/\/ifage-grund.de\/wp\/?page_id=699preview=true\">Ausstellung der K\u00fcnstlerin Eva Raabe-Lindenblatt<\/a> &#8211; 01.02.2018 &#8211; 25.05.2018<br><a href=\"https:\/\/ifage-grund.de\/wp\/?page_id=647preview=true\">Ausstellung der K\u00fcnstlerin D\u00f6rte Kunte<\/a> &#8211; 14.09.2017 &#8211; 19.01.2018<a href=\"https:\/\/ifage-grund.de\/wp\/?page_id=416&amp;preview=true\"><br>Ausstellung von Gisela und Simon Sch\u00e4fer<\/a> &#8211; 11.05.2017 &#8211; 09.09.2017<br><a href=\"https:\/\/ifage-grund.de\/wp\/?page_id=440&amp;preview=true\">Ausstellung der Ateliergemeinschaft creARTiv<\/a> &#8211; 21.01.2017 &#8211; 06.05.2017<br><a href=\"https:\/\/ifage-grund.de\/wp\/?page_id=456&amp;preview=true\">Ausstellung der K\u00fcnstlerin Erika Gerber<\/a> &#8211; 11.08.2016 &#8211; 03.01.2017<br><a href=\"https:\/\/ifage-grund.de\/wp\/?page_id=470&amp;preview=true\">Ausstellung von B. H\u00fcnemohr und M. Kosa<\/a> &#8211; 14.04.2016 &#8211; 30.07.2016<br><a href=\"https:\/\/ifage-grund.de\/wp\/?page_id=481&amp;preview=true\">Ausstellung der K\u00fcnstlerin Andrea Kemmesies<\/a> &#8211; 20.11.2015 &#8211; 09.04.2016<br><a href=\"https:\/\/ifage-grund.de\/wp\/?page_id=495&amp;preview=true\">Ausstellung des K\u00fcnstlers Rainer Mienert<\/a> &#8211; 11.06.2015 &#8211; 02.11.2015<br><a href=\"https:\/\/ifage-grund.de\/wp\/?page_id=508&amp;preview=true\">Ausstellung des K\u00fcnstlers Roman Mikos<\/a> &#8211; 15.01.2015 &#8211; 31.05.2015<br><a href=\"https:\/\/ifage-grund.de\/wp\/?page_id=518&amp;preview=true\">Ausstellung der K\u00fcnstlerin Sitta Derstroff<\/a> &#8211; 11.09.2014 &#8211; 31.12.2014<br><a href=\"https:\/\/ifage-grund.de\/wp\/?page_id=528&amp;preview=true\">Ausstellung der K\u00fcnstlergruppe &#8222;ICH UND WIR&#8220;<\/a> &#8211; 10.04.2014 &#8211; 01.09.2014<br><a href=\"https:\/\/ifage-grund.de\/wp\/?page_id=540&amp;preview=true\">Ausstellung des K\u00fcnstlers Wilfried M\u00f6ring<\/a> &#8211; 21.11.2013 &#8211; 31.03.2014<br><a href=\"https:\/\/ifage-grund.de\/wp\/?page_id=550&amp;preview=true\">Ausstellung der K\u00fcnstlerin Doris Tofall<\/a> &#8211; 10.06.2013 &#8211; 07.11.2013<br><a href=\"https:\/\/ifage-grund.de\/wp\/?page_id=558&amp;preview=true\">Ausstellung des K\u00fcnstlers Theo Kemen<\/a> &#8211; 07.03.2013 &#8211; 31.05.2013<br><a href=\"https:\/\/ifage-grund.de\/wp\/?page_id=566&amp;preview=true\">Ausstellung des K\u00fcnstlers Jean-Sergiu Capota<\/a> &#8211; 06.09.2012 &#8211; 28.02.2013<br><a href=\"https:\/\/ifage-grund.de\/wp\/?page_id=578&amp;preview=true\">Die magische Welt der Kinder<\/a> &#8211; 01.04.2012 &#8211; 01.09.2012<br><a href=\"https:\/\/ifage-grund.de\/wp\/?page_id=586&amp;preview=true\">Ausstellung der K\u00fcnstlergruppe Kunstsplitter<\/a> &#8211; 17.11.2011 &#8211; 31.03.2012<br><a href=\"https:\/\/ifage-grund.de\/wp\/?page_id=594&amp;preview=true\">Ausstellung des Fotok\u00fcnstlers Albert L. Haubner<\/a> &#8211; 17.07.2011 &#8211; 16.11..2011<\/p>\r\n\r\n<p>&nbsp;<\/p>\r\n","protected":false},"excerpt":{"rendered":"<p>SUSAN GEEL &#8211; Skulpturen \/ Hildegard M\u00fcller &#8211; Bilder Vernissage am 22. Februar 2024, 18.00 Uhr Einf\u00fchrung: Vernissage am 22. Februar 2024, 18.00 Uhr Kuratorin der Ausstellung: Angelika Stoesser Ausstellung in der IFAGE: 22. Februar bis 15. Juni 2024 Am &hellip; <a href=\"https:\/\/ifage-grund.de\/wp\/?page_id=1343\">Weiterlesen <span class=\"meta-nav\">&rarr;<\/span><\/a><\/p>\n","protected":false},"author":1,"featured_media":0,"parent":0,"menu_order":0,"comment_status":"closed","ping_status":"closed","template":"sidebar-page.php","meta":{"ngg_post_thumbnail":0,"footnotes":""},"class_list":["post-1343","page","type-page","status-publish","hentry"],"_links":{"self":[{"href":"https:\/\/ifage-grund.de\/wp\/index.php?rest_route=\/wp\/v2\/pages\/1343","targetHints":{"allow":["GET"]}}],"collection":[{"href":"https:\/\/ifage-grund.de\/wp\/index.php?rest_route=\/wp\/v2\/pages"}],"about":[{"href":"https:\/\/ifage-grund.de\/wp\/index.php?rest_route=\/wp\/v2\/types\/page"}],"author":[{"embeddable":true,"href":"https:\/\/ifage-grund.de\/wp\/index.php?rest_route=\/wp\/v2\/users\/1"}],"replies":[{"embeddable":true,"href":"https:\/\/ifage-grund.de\/wp\/index.php?rest_route=%2Fwp%2Fv2%2Fcomments&post=1343"}],"version-history":[{"count":1,"href":"https:\/\/ifage-grund.de\/wp\/index.php?rest_route=\/wp\/v2\/pages\/1343\/revisions"}],"predecessor-version":[{"id":1344,"href":"https:\/\/ifage-grund.de\/wp\/index.php?rest_route=\/wp\/v2\/pages\/1343\/revisions\/1344"}],"wp:attachment":[{"href":"https:\/\/ifage-grund.de\/wp\/index.php?rest_route=%2Fwp%2Fv2%2Fmedia&parent=1343"}],"curies":[{"name":"wp","href":"https:\/\/api.w.org\/{rel}","templated":true}]}}