{"id":1314,"date":"2024-02-17T17:30:47","date_gmt":"2024-02-17T17:30:47","guid":{"rendered":"https:\/\/ifage-grund.de\/wp\/?page_id=1314"},"modified":"2024-02-17T17:30:47","modified_gmt":"2024-02-17T17:30:47","slug":"ausstellungsarchiv-32","status":"publish","type":"page","link":"https:\/\/ifage-grund.de\/wp\/?page_id=1314","title":{"rendered":"Ausstellungsarchiv (32)"},"content":{"rendered":"<p><strong>Nicolaus Werner: REISE, r\u00fcckw\u00e4rts vorw\u00e4rts &#8211; Bilder die schon sind als Aufforderung, weiter zu malen\r\n<br><\/strong><\/p>\r\n<p>Vernissage am 05. Oktober 2023, 18.00 Uhr<br><\/p><b>Einf\u00fchrung:<\/b> Nicolaus Werner<br>\r\n<b>Kuratorin der Ausstellung:<\/b> Angelika Stoesser<br>\r\n<b>Ausstellung in der IFAGE<\/b>: 05.10. -31.01.2024<br><\/p>\r\n<p>\r\nZum ersten Male zeigt Nicolaus Werner in einer umfassenden Ausstellung seine \u00d6lbilder, ein Art Retrospektive. Die Wissenschaftliche Stadtbibliothek zu Mainz  zeigt z.Zt. die Retrospektive seiner fadengebundenen Zeichen- und Malhefte der letzten 30 Jahre Im KUNSTHAUS\/Schulberg  waren anl\u00e4sslich der Museumsnacht 2012 die raumf\u00fcllenden  2 Meter hohen Tuschearbeiten unter dem Titel Arbeits-Weise eng installiert, ein transparentes TaAUkreuz aus wei\u00dfer Seide versperrte in der Bergkirche zum Aschermittwochs der K\u00fcnste den Blick zum Altar; Ein  FL\u00dcGELBOOT, ebenfalls aus wei\u00dfer Seide, \u00fcberspannte das Kirchschiff der Oranier Ged\u00e4chtniskirche zu Biebrich von der Orgelempore aus hin zum Altar.\r\nNun der \u00dcberblick der \u00d6lbilder der letzten Jahre.<\/br><\/br>\r\n\r\nGestik und Ritual bestimmen die gro\u00dfen Tuschen und Papierarbeiten, die im Mainzer Atelier entstehen. Zur\u00fcckgezogen  in ein Bauernhaus aus dem fr\u00fchen 18. Jahrhundert in Heringen, dem  Ort der Kindheit,  wird gemalt, au\u00dfen die V\u00f6gel im Garten, innen der Duft nach \u00d6lfarbe, die Reise hinein ins Bildgeviert \r\nreis\u014dn &#8211; das altdeutsche Verb bedeutet aufbrechen, sich-aufmachen, sich-auf-den-Weg-machen, f\u00fcr mich: schauen, was entsteht, wenn der Pinsel die Farbe auf die noch feuchte \u00d6lgrundierung reibt&#8230;<\/br><\/br>\r\n\r\nEine r\u00e4umliche Bestimmung von Figur und Grund ist nicht m\u00f6glich, hinten kann vorne sein, Wandst\u00fccke begrenzen  Ausblicke in Landschaftsanmutungen, Weite und Enge, N\u00e4he und Ferne  gleicherma\u00dfen suggerierend. Auch entziehen sich durchaus anatomisch anmutende Formen einer eindeutigen Fig\u00fcrlichkeit, Assoziationen  lassen ahnen, Abstraktion  und Figuration halten sich in der Schwebe.<\/br><\/br>\r\n\r\nGLUT (2018) war Tanz, WINDEN (2021) war ein sich \u00fcberwinden und Wege suchen, WEITER (2022) eine Aufforderung, die WOHIN in sich schlie\u00dft. Eine Pinselsetzung gebiert die n\u00e4chste, ein Ding  ergibt das andere und f\u00fcllt die Leinwand, gestelztes Wortbeiwerk fehlt\r\naus dem AKK Katalog 2022\r\n<\/p>\r\n<a href=\"https:\/\/ifage-grund.de\/wp\/wp-content\/uploads\/2023\/09\/Nicolaus-Werner-Vernissage.pdf\">Nicolaus Werner: REISE, r\u00fcckw\u00e4rts vorw\u00e4rts (PDF)<\/a>\r\n\r\nngg_shortcode_0_placeholder\r\n\r\n<p>Ausstellungsarchiv:\r\n<br><a href=\"https:\/\/ifage-grund.de\/wp\/?page_id=1298\">Ausstellung des K\u00fcnstlers Roman Mikos<\/a> &#8211; 06.07. -23.09.2023\r\n<br><a href=\"https:\/\/ifage-grund.de\/wp\/?page_id=1283\">Ausstellung der K\u00fcnstler Gerda D\u00f6hler und Werner Eberle<\/a> &#8211; 02.03.23 &#8211; 24.06.23\r\n<br><a href=\"https:\/\/ifage-grund.de\/wp\/?page_id=1252\">Ausstellung der K\u00fcnstlerin Gisela Sch\u00e4fer<\/a> &#8211; 20.10.2022 &#8211; 15.02.2023<br><a href=\"https:\/\/ifage-grund.de\/wp\/?page_id=963\">Ausstellung von N.Tannreuther&nbsp; G. Wernicke<\/a> &#8211; 24.03.2022 &#8211; 30.09.2022<br><a href=\"https:\/\/ifage-grund.de\/wp\/?page_id=929\">Ausstellung des K\u00fcnstlers Bernd Brach<\/a> &#8211; 16.09.2021 &#8211; 28.02.2022<br><a href=\"https:\/\/ifage-grund.de\/wp\/?page_id=901\">Ausstellung der K\u00fcnstlerin Florence Solvay<\/a> &#8211; 11.03.2021 &#8211; 02.09.2021<strong><br><\/strong><a href=\"https:\/\/ifage-grund.de\/wp\/?page_id=880\">Ausstellung der Fotografen &#8222;die spiegellosen&#8220;<\/a> &#8211; 24.09.2020 &#8211; 26.02.2021<br><a href=\"https:\/\/ifage-grund.de\/wp\/?page_id=851\">Ausstellung der K\u00fcnstlerin Elli Weishaupt<\/a> &#8211; 23.04.2020 &#8211; 11.09.2020<br><a href=\"https:\/\/ifage-grund.de\/wp\/?page_id=822\">Ausstellung des K\u00fcnstlers J\u00f6rg Stein<\/a> &#8211; 07.11.2019 &#8211; 15.04.2020<br><a href=\"https:\/\/ifage-grund.de\/wp\/?page_id=797\">Ausstellung des K\u00fcnstlers Hjalmar Thelen<\/a> &#8211; 18.07.2019 &#8211; 31.10.2019<br><a href=\"https:\/\/ifage-grund.de\/wp\/?page_id=770\">Ausstellung der K\u00fcnstler Mikos und Mienert<\/a> &#8211; 14.02.2019 &#8211; 15.06.2019<br><a href=\"https:\/\/ifage-grund.de\/wp\/?page_id=756\">Ausstellung der K\u00fcnstlerin Wiebke Knabe<\/a> &#8211; 06.09.2018 &#8211; 31.01.2019<br><a href=\"https:\/\/ifage-grund.de\/wp\/?page_id=734preview=true\">Ausstellung der K\u00fcnstlergruppe Atelier Eichhorn<\/a> &#8211; 07.06.2018 &#8211; 31.08.2018<br><a href=\"https:\/\/ifage-grund.de\/wp\/?page_id=699preview=true\">Ausstellung der K\u00fcnstlerin Eva Raabe-Lindenblatt<\/a> &#8211; 01.02.2018 &#8211; 25.05.2018<br><a href=\"https:\/\/ifage-grund.de\/wp\/?page_id=647preview=true\">Ausstellung der K\u00fcnstlerin D\u00f6rte Kunte<\/a> &#8211; 14.09.2017 &#8211; 19.01.2018<a href=\"https:\/\/ifage-grund.de\/wp\/?page_id=416&amp;preview=true\"><br>Ausstellung von Gisela und Simon Sch\u00e4fer<\/a> &#8211; 11.05.2017 &#8211; 09.09.2017<br><a href=\"https:\/\/ifage-grund.de\/wp\/?page_id=440&amp;preview=true\">Ausstellung der Ateliergemeinschaft creARTiv<\/a> &#8211; 21.01.2017 &#8211; 06.05.2017<br><a href=\"https:\/\/ifage-grund.de\/wp\/?page_id=456&amp;preview=true\">Ausstellung der K\u00fcnstlerin Erika Gerber<\/a> &#8211; 11.08.2016 &#8211; 03.01.2017<br><a href=\"https:\/\/ifage-grund.de\/wp\/?page_id=470&amp;preview=true\">Ausstellung von B. H\u00fcnemohr und M. Kosa<\/a> &#8211; 14.04.2016 &#8211; 30.07.2016<br><a href=\"https:\/\/ifage-grund.de\/wp\/?page_id=481&amp;preview=true\">Ausstellung der K\u00fcnstlerin Andrea Kemmesies<\/a> &#8211; 20.11.2015 &#8211; 09.04.2016<br><a href=\"https:\/\/ifage-grund.de\/wp\/?page_id=495&amp;preview=true\">Ausstellung des K\u00fcnstlers Rainer Mienert<\/a> &#8211; 11.06.2015 &#8211; 02.11.2015<br><a href=\"https:\/\/ifage-grund.de\/wp\/?page_id=508&amp;preview=true\">Ausstellung des K\u00fcnstlers Roman Mikos<\/a> &#8211; 15.01.2015 &#8211; 31.05.2015<br><a href=\"https:\/\/ifage-grund.de\/wp\/?page_id=518&amp;preview=true\">Ausstellung der K\u00fcnstlerin Sitta Derstroff<\/a> &#8211; 11.09.2014 &#8211; 31.12.2014<br><a href=\"https:\/\/ifage-grund.de\/wp\/?page_id=528&amp;preview=true\">Ausstellung der K\u00fcnstlergruppe &#8222;ICH UND WIR&#8220;<\/a> &#8211; 10.04.2014 &#8211; 01.09.2014<br><a href=\"https:\/\/ifage-grund.de\/wp\/?page_id=540&amp;preview=true\">Ausstellung des K\u00fcnstlers Wilfried M\u00f6ring<\/a> &#8211; 21.11.2013 &#8211; 31.03.2014<br><a href=\"https:\/\/ifage-grund.de\/wp\/?page_id=550&amp;preview=true\">Ausstellung der K\u00fcnstlerin Doris Tofall<\/a> &#8211; 10.06.2013 &#8211; 07.11.2013<br><a href=\"https:\/\/ifage-grund.de\/wp\/?page_id=558&amp;preview=true\">Ausstellung des K\u00fcnstlers Theo Kemen<\/a> &#8211; 07.03.2013 &#8211; 31.05.2013<br><a href=\"https:\/\/ifage-grund.de\/wp\/?page_id=566&amp;preview=true\">Ausstellung des K\u00fcnstlers Jean-Sergiu Capota<\/a> &#8211; 06.09.2012 &#8211; 28.02.2013<br><a href=\"https:\/\/ifage-grund.de\/wp\/?page_id=578&amp;preview=true\">Die magische Welt der Kinder<\/a> &#8211; 01.04.2012 &#8211; 01.09.2012<br><a href=\"https:\/\/ifage-grund.de\/wp\/?page_id=586&amp;preview=true\">Ausstellung der K\u00fcnstlergruppe Kunstsplitter<\/a> &#8211; 17.11.2011 &#8211; 31.03.2012<br><a href=\"https:\/\/ifage-grund.de\/wp\/?page_id=594&amp;preview=true\">Ausstellung des Fotok\u00fcnstlers Albert L. Haubner<\/a> &#8211; 17.07.2011 &#8211; 16.11..2011<\/p>\r\n\r\n<p>&nbsp;<\/p>\r\n","protected":false},"excerpt":{"rendered":"<p>Nicolaus Werner: REISE, r\u00fcckw\u00e4rts vorw\u00e4rts &#8211; Bilder die schon sind als Aufforderung, weiter zu malen Vernissage am 05. Oktober 2023, 18.00 Uhr Einf\u00fchrung: Nicolaus Werner Kuratorin der Ausstellung: Angelika Stoesser Ausstellung in der IFAGE: 05.10. -31.01.2024 Zum ersten Male zeigt &hellip; <a href=\"https:\/\/ifage-grund.de\/wp\/?page_id=1314\">Weiterlesen <span class=\"meta-nav\">&rarr;<\/span><\/a><\/p>\n","protected":false},"author":3,"featured_media":0,"parent":0,"menu_order":0,"comment_status":"closed","ping_status":"closed","template":"","meta":{"ngg_post_thumbnail":0,"footnotes":""},"class_list":["post-1314","page","type-page","status-publish","hentry"],"_links":{"self":[{"href":"https:\/\/ifage-grund.de\/wp\/index.php?rest_route=\/wp\/v2\/pages\/1314","targetHints":{"allow":["GET"]}}],"collection":[{"href":"https:\/\/ifage-grund.de\/wp\/index.php?rest_route=\/wp\/v2\/pages"}],"about":[{"href":"https:\/\/ifage-grund.de\/wp\/index.php?rest_route=\/wp\/v2\/types\/page"}],"author":[{"embeddable":true,"href":"https:\/\/ifage-grund.de\/wp\/index.php?rest_route=\/wp\/v2\/users\/3"}],"replies":[{"embeddable":true,"href":"https:\/\/ifage-grund.de\/wp\/index.php?rest_route=%2Fwp%2Fv2%2Fcomments&post=1314"}],"version-history":[{"count":1,"href":"https:\/\/ifage-grund.de\/wp\/index.php?rest_route=\/wp\/v2\/pages\/1314\/revisions"}],"predecessor-version":[{"id":1315,"href":"https:\/\/ifage-grund.de\/wp\/index.php?rest_route=\/wp\/v2\/pages\/1314\/revisions\/1315"}],"wp:attachment":[{"href":"https:\/\/ifage-grund.de\/wp\/index.php?rest_route=%2Fwp%2Fv2%2Fmedia&parent=1314"}],"curies":[{"name":"wp","href":"https:\/\/api.w.org\/{rel}","templated":true}]}}