{"id":1283,"date":"2023-07-04T09:28:40","date_gmt":"2023-07-04T09:28:40","guid":{"rendered":"https:\/\/ifage-grund.de\/wp\/?page_id=1283"},"modified":"2023-07-04T10:12:49","modified_gmt":"2023-07-04T10:12:49","slug":"ausstellungsarchiv-30","status":"publish","type":"page","link":"https:\/\/ifage-grund.de\/wp\/?page_id=1283","title":{"rendered":"Ausstellungsarchiv (30)"},"content":{"rendered":"<p><strong>Swinging Art &amp; Holzskulpturen<br>Arbeiten der K\u00fcnstler Gerda D\u00f6hler und Werner Eberle<\/strong><\/p>\r\n<p>Vernissage am 2. M\u00e4rz 2023, 18:00 Uhr<br>Einf\u00fchrung: Bernd Brach<\/p>\r\n<p>Gerda D\u00f6hler besch\u00e4ftigt sich seit Beendigung Ihrer beruflichen Laufbahn im Jahr 2006 intensiv mit der Malerei. Sie selbst sagt \u00fcber Ihr Werk:<\/p>\r\n<p><em>Der Schwerpunkt in meiner Malerei ist das <strong>Spiel mit Linien &#8211; <\/strong>meine <strong>\u201eDancing Lines\u201c<\/strong>. Mal blitzen sie zart und verspielt, mal keck unter einer Farbfl\u00e4che hervor oder tanzen \u00fcberm\u00fctig auf dieser herum. Andere wiederum pr\u00e4sentieren sich wuchtig als dominante, schwere Zeichnung auf der Bildoberfl\u00e4che.<br><\/em><em>Obwohl ich Grau- und Beiget\u00f6ne bevorzuge und gern nur eine Buntfarbe als Akzent setze, entstanden in der letzten Zeit doch sehr farbenfrohe Bilder, die aber ebenfalls nie mehr als drei Buntfarben aufweisen.<br><\/em><em>In meinen Wachs- und Collagearbeiten verwende ich gerne <strong>verwitterte Plakate<\/strong>, alte Schriftst\u00fccke sowie Fundst\u00fccke aller Art \u2013 oft mitgebracht von meinen Reisen durch Fernost. Linienspiele wiederum stellen auch hier h\u00e4ufig eine Verbindung zur Collage her, um diese ins Bild zu integrieren.<\/em><\/p>\r\nngg_shortcode_0_placeholder\r\n<p>Werner Eberle beschreibt seine Arbeit so:<\/p>\r\n<p><em>Vom Beginn meiner handwerklichen sowie sp\u00e4teren Ausbildung zum Architekten, ist HOLZ mein bevorzugtes Naturprodukt.&nbsp;&nbsp; Diese Vorliebe brachte mich&nbsp; zu meinen heutigen Versuchen, dem Holz eine neue, interessante Gestalt zu geben.&nbsp;&nbsp; Die umfangreiche Palette von heimischen und exotischen H\u00f6lzern, mit unendlich vielseitigen Varianten, fasziniert mich noch immer.&nbsp; Es ist jedes mal eine Herausforderung dem unscheinbaren Rohling anzusehen, welche endg\u00fcltige harmonische oder auch k\u00fcnstlerische Form ihm zu entlocken ist, die sich w\u00e4hrend der tagelangen Arbeit noch ver\u00e4ndern kann. In soweit muss man akzeptieren, dass das an sich unbelebte Holz noch immer seinen Einfluss auf den Gestalter aus\u00fcbt, bis hin zu den&nbsp; un-geliebten Rissen, lange nach der Fertigstellung. Die Herausforderung ist die Bew\u00e4ltigung dieser Aufgaben:<\/em><br><em>\u201eImmer auf der Suche nach der guten Form\u201c.<\/em><\/p>\r\n<p>Die Ausstellung ist bis 24. Juni 2023 im Glaspavillon der IFAGE zu besichtigen.<\/p>\r\n<p><strong>\u00d6ffnungszeiten:<\/strong> Montag bis Freitag von 8:00-18:00 Uhr und Samstag von 8:00-13:00 Uhr<\/p>\r\n<p>Die Ausstellung kann auch aktuell zu den genannten \u00d6ffnungszeiten besucht werden.&nbsp; Beachten Sie bitte die jeweilig aktuell geltenden Vorsichtsma\u00dfnahmen (Abstandsregeln und keine Gruppenbesuche)<\/p>\r\n<hr>\r\n<p>Ausstellungsarchiv:\r\n<br><a href=\"https:\/\/ifage-grund.de\/wp\/?page_id=400\">Ausstellung der K\u00fcnstler Gerda D\u00f6hler und Werner Eberle<\/a> &#8211; 02.03.23 &#8211; 24.06.23\r\n<br><a href=\"https:\/\/ifage-grund.de\/wp\/?page_id=1252\">Ausstellung der K\u00fcnstlerin Gisela Sch\u00e4fer<\/a> &#8211; 20.10.2022 &#8211; 15.02.2023<br><a href=\"https:\/\/ifage-grund.de\/wp\/?page_id=963\">Ausstellung von N.Tannreuther&nbsp; G. Wernicke<\/a> &#8211; 24.03.2022 &#8211; 30.09.2022<br><a href=\"https:\/\/ifage-grund.de\/wp\/?page_id=929\">Ausstellung des K\u00fcnstlers Bernd Brach<\/a> &#8211; 16.09.2021 &#8211; 28.02.2022<br><a href=\"https:\/\/ifage-grund.de\/wp\/?page_id=901\">Ausstellung der K\u00fcnstlerin Florence Solvay<\/a> &#8211; 11.03.2021 &#8211; 02.09.2021<strong><br><\/strong><a href=\"https:\/\/ifage-grund.de\/wp\/?page_id=880\">Ausstellung der Fotografen &#8222;die spiegellosen&#8220;<\/a> &#8211; 24.09.2020 &#8211; 26.02.2021<br><a href=\"https:\/\/ifage-grund.de\/wp\/?page_id=851\">Ausstellung der K\u00fcnstlerin Elli Weishaupt<\/a> &#8211; 23.04.2020 &#8211; 11.09.2020<br><a href=\"https:\/\/ifage-grund.de\/wp\/?page_id=822\">Ausstellung des K\u00fcnstlers J\u00f6rg Stein<\/a> &#8211; 07.11.2019 &#8211; 15.04.2020<br><a href=\"https:\/\/ifage-grund.de\/wp\/?page_id=797\">Ausstellung des K\u00fcnstlers Hjalmar Thelen<\/a> &#8211; 18.07.2019 &#8211; 31.10.2019<br><a href=\"https:\/\/ifage-grund.de\/wp\/?page_id=770\">Ausstellung der K\u00fcnstler Mikos und Mienert<\/a> &#8211; 14.02.2019 &#8211; 15.06.2019<br><a href=\"https:\/\/ifage-grund.de\/wp\/?page_id=756\">Ausstellung der K\u00fcnstlerin Wiebke Knabe<\/a> &#8211; 06.09.2018 &#8211; 31.01.2019<br><a href=\"https:\/\/ifage-grund.de\/wp\/?page_id=734preview=true\">Ausstellung der K\u00fcnstlergruppe Atelier Eichhorn<\/a> &#8211; 07.06.2018 &#8211; 31.08.2018<br><a href=\"https:\/\/ifage-grund.de\/wp\/?page_id=699preview=true\">Ausstellung der K\u00fcnstlerin Eva Raabe-Lindenblatt<\/a> &#8211; 01.02.2018 &#8211; 25.05.2018<br><a href=\"https:\/\/ifage-grund.de\/wp\/?page_id=647preview=true\">Ausstellung der K\u00fcnstlerin D\u00f6rte Kunte<\/a> &#8211; 14.09.2017 &#8211; 19.01.2018<a href=\"https:\/\/ifage-grund.de\/wp\/?page_id=416&amp;preview=true\"><br>Ausstellung von Gisela und Simon Sch\u00e4fer<\/a> &#8211; 11.05.2017 &#8211; 09.09.2017<br><a href=\"https:\/\/ifage-grund.de\/wp\/?page_id=440&amp;preview=true\">Ausstellung der Ateliergemeinschaft creARTiv<\/a> &#8211; 21.01.2017 &#8211; 06.05.2017<br><a href=\"https:\/\/ifage-grund.de\/wp\/?page_id=456&amp;preview=true\">Ausstellung der K\u00fcnstlerin Erika Gerber<\/a> &#8211; 11.08.2016 &#8211; 03.01.2017<br><a href=\"https:\/\/ifage-grund.de\/wp\/?page_id=470&amp;preview=true\">Ausstellung von B. H\u00fcnemohr und M. Kosa<\/a> &#8211; 14.04.2016 &#8211; 30.07.2016<br><a href=\"https:\/\/ifage-grund.de\/wp\/?page_id=481&amp;preview=true\">Ausstellung der K\u00fcnstlerin Andrea Kemmesies<\/a> &#8211; 20.11.2015 &#8211; 09.04.2016<br><a href=\"https:\/\/ifage-grund.de\/wp\/?page_id=495&amp;preview=true\">Ausstellung des K\u00fcnstlers Rainer Mienert<\/a> &#8211; 11.06.2015 &#8211; 02.11.2015<br><a href=\"https:\/\/ifage-grund.de\/wp\/?page_id=508&amp;preview=true\">Ausstellung des K\u00fcnstlers Roman Mikos<\/a> &#8211; 15.01.2015 &#8211; 31.05.2015<br><a href=\"https:\/\/ifage-grund.de\/wp\/?page_id=518&amp;preview=true\">Ausstellung der K\u00fcnstlerin Sitta Derstroff<\/a> &#8211; 11.09.2014 &#8211; 31.12.2014<br><a href=\"https:\/\/ifage-grund.de\/wp\/?page_id=528&amp;preview=true\">Ausstellung der K\u00fcnstlergruppe &#8222;ICH UND WIR&#8220;<\/a> &#8211; 10.04.2014 &#8211; 01.09.2014<br><a href=\"https:\/\/ifage-grund.de\/wp\/?page_id=540&amp;preview=true\">Ausstellung des K\u00fcnstlers Wilfried M\u00f6ring<\/a> &#8211; 21.11.2013 &#8211; 31.03.2014<br><a href=\"https:\/\/ifage-grund.de\/wp\/?page_id=550&amp;preview=true\">Ausstellung der K\u00fcnstlerin Doris Tofall<\/a> &#8211; 10.06.2013 &#8211; 07.11.2013<br><a href=\"https:\/\/ifage-grund.de\/wp\/?page_id=558&amp;preview=true\">Ausstellung des K\u00fcnstlers Theo Kemen<\/a> &#8211; 07.03.2013 &#8211; 31.05.2013<br><a href=\"https:\/\/ifage-grund.de\/wp\/?page_id=566&amp;preview=true\">Ausstellung des K\u00fcnstlers Jean-Sergiu Capota<\/a> &#8211; 06.09.2012 &#8211; 28.02.2013<br><a href=\"https:\/\/ifage-grund.de\/wp\/?page_id=578&amp;preview=true\">Die magische Welt der Kinder<\/a> &#8211; 01.04.2012 &#8211; 01.09.2012<br><a href=\"https:\/\/ifage-grund.de\/wp\/?page_id=586&amp;preview=true\">Ausstellung der K\u00fcnstlergruppe Kunstsplitter<\/a> &#8211; 17.11.2011 &#8211; 31.03.2012<br><a href=\"https:\/\/ifage-grund.de\/wp\/?page_id=594&amp;preview=true\">Ausstellung des Fotok\u00fcnstlers Albert L. Haubner<\/a> &#8211; 17.07.2011 &#8211; 16.11..2011<\/p>\r\n\r\n<p>&nbsp;<\/p>\r\n","protected":false},"excerpt":{"rendered":"<p>Swinging Art &amp; HolzskulpturenArbeiten der K\u00fcnstler Gerda D\u00f6hler und Werner Eberle Vernissage am 2. M\u00e4rz 2023, 18:00 UhrEinf\u00fchrung: Bernd Brach Gerda D\u00f6hler besch\u00e4ftigt sich seit Beendigung Ihrer beruflichen Laufbahn im Jahr 2006 intensiv mit der Malerei. Sie selbst sagt \u00fcber &hellip; <a href=\"https:\/\/ifage-grund.de\/wp\/?page_id=1283\">Weiterlesen <span class=\"meta-nav\">&rarr;<\/span><\/a><\/p>\n","protected":false},"author":1,"featured_media":0,"parent":0,"menu_order":0,"comment_status":"closed","ping_status":"closed","template":"sidebar-page.php","meta":{"ngg_post_thumbnail":0,"footnotes":""},"class_list":["post-1283","page","type-page","status-publish","hentry"],"_links":{"self":[{"href":"https:\/\/ifage-grund.de\/wp\/index.php?rest_route=\/wp\/v2\/pages\/1283","targetHints":{"allow":["GET"]}}],"collection":[{"href":"https:\/\/ifage-grund.de\/wp\/index.php?rest_route=\/wp\/v2\/pages"}],"about":[{"href":"https:\/\/ifage-grund.de\/wp\/index.php?rest_route=\/wp\/v2\/types\/page"}],"author":[{"embeddable":true,"href":"https:\/\/ifage-grund.de\/wp\/index.php?rest_route=\/wp\/v2\/users\/1"}],"replies":[{"embeddable":true,"href":"https:\/\/ifage-grund.de\/wp\/index.php?rest_route=%2Fwp%2Fv2%2Fcomments&post=1283"}],"version-history":[{"count":1,"href":"https:\/\/ifage-grund.de\/wp\/index.php?rest_route=\/wp\/v2\/pages\/1283\/revisions"}],"predecessor-version":[{"id":1284,"href":"https:\/\/ifage-grund.de\/wp\/index.php?rest_route=\/wp\/v2\/pages\/1283\/revisions\/1284"}],"wp:attachment":[{"href":"https:\/\/ifage-grund.de\/wp\/index.php?rest_route=%2Fwp%2Fv2%2Fmedia&parent=1283"}],"curies":[{"name":"wp","href":"https:\/\/api.w.org\/{rel}","templated":true}]}}